{"id":1005,"date":"2022-06-13T08:58:05","date_gmt":"2022-06-13T08:58:05","guid":{"rendered":"https:\/\/sinhlongduong.com\/?post_type=product&#038;p=1005"},"modified":"2025-01-09T08:46:17","modified_gmt":"2025-01-09T01:46:17","slug":"thuoc-nam-dac-tri-dau-nua-dau","status":"publish","type":"product","link":"https:\/\/sinhlongduong.com\/?product=thuoc-nam-dac-tri-dau-nua-dau","title":{"rendered":"Thu\u1ed1c nam \u0111\u1eb7c tr\u1ecb \u0111au n\u1eeda \u0111\u1ea7u"},"content":{"rendered":"<p style=\"text-align: justify;\"><span style=\"font-size: 12pt;\"><em><strong>\u0110au n\u1eeda \u0111\u1ea7u Migraine l\u00e0 m\u1ed9t lo\u1ea1i b\u1ec7nh ph\u1ed5 bi\u1ebfn, r\u1ea5t d\u1ec5 g\u1eb7p v\u00e0 d\u1ec5 t\u00e1i ph\u00e1t. Nguy\u00ean nh\u00e2n do \u0111\u00e2u, tri\u1ec7u ch\u1ee9ng l\u00e0 g\u00ec, m\u1ee9c \u0111\u1ed9 nguy hi\u1ec3m nh\u01b0 th\u1ebf n\u00e0o m\u1eddi nghi\u00ean c\u1ee9u t\u1ea1i &#8220;<a href=\"http:\/\/localhost\/webcusinhlongduong\/dau-nua-dau-migraine-benh-ly\/\">C\u1ea9m nang b\u1ec7nh \u0111au n\u1eeda \u0111\u1ea7u Migraine<\/a>&#8220;. Kh\u00f4ng kh\u00f3 \u0111\u1ec3 ch\u1ea9n \u0111o\u00e1n v\u00e0 ch\u1eefa b\u1ec7nh Migraine, m\u1eddi tham kh\u1ea3o b\u00e0i thu\u1ed1c \u0111i\u1ec1u tr\u1ecb \u0111au n\u1eeda \u0111\u1ea7u Migraine theo nh\u1eefng th\u00f4ng tin d\u01b0\u1edbi \u0111\u00e2y.\u00a0<\/strong><\/em><\/span><\/p>\n<p style=\"text-align: justify;\"><span style=\"font-size: 12pt;\"><strong><span style=\"color: #993300;\">TH\u00c0NH PH\u1ea6N<\/span>:<\/strong><\/span><\/p>\n<p style=\"text-align: justify;\"><span style=\"font-size: 12pt;\"><strong>B\u00e0i thu\u1ed1c \u0111i\u1ec1u tr\u1ecb \u0111au n\u1eeda \u0111\u1ea7u Migraine<\/strong><span style=\"font-weight: 400;\"> g\u1ed3m c\u00e1c v\u1ecb th\u1ea3o d\u01b0\u1ee3c t\u1ef1 nhi\u00ean gi\u00fap c\u01a1 th\u1ec3 d\u1ec5 h\u1ea5p thu: B\u1ed5 m\u00e1u, \u0110au x\u01b0\u01a1ng, \u0110\u1ed9c ho\u1ea1t, Th\u1ed1ng \u0111\u1ed3ng, G\u00f9 h\u01b0\u01a1ng, N\u1eafm c\u01a1m, Ho\u00e0ng S\u00e2m, \u0110\u01b0\u01a1ng Quy, B\u1ea1ch Ch\u1ec9, \u0110\u01a1n L\u00e1ng, X\u1ea5u h\u1ed5, Ph\u00f2ng phong. \u0110\u1eb7c bi\u1ec7t c\u00f2n l\u1ea1i l\u00e0 c\u00e1c <\/span><strong>v\u1ecb thu\u1ed1c qu\u00fd b\u00ed truy\u1ec1n c\u1ee7a d\u00f2ng h\u1ecd<\/strong><span style=\"font-weight: 400;\">.<\/span><\/span><\/p>\n<p style=\"text-align: justify;\"><span style=\"color: #993300; font-size: 12pt;\"><strong>C\u00d4NG D\u1ee4NG:<\/strong><\/span><\/p>\n<p style=\"text-align: justify;\"><span style=\"font-size: 12pt;\"><span style=\"font-weight: 400;\">Thu\u1ed1c \u0111\u01b0\u1ee3c s\u1eed d\u1ee5ng k\u1ebft h\u1ee3p trong \u0111i\u1ec1u tr\u1ecb d\u1ee9t \u0111i\u1ec3m b\u1ec7nh \u0111au n\u1eeda \u0111\u1ea7u. Gi\u00fap gi\u1ea3m ngay tri\u1ec7u ch\u1ee9ng, c\u01a1n \u0111au nh\u00f3i t\u1eeb g\u1ed1c (kh\u00f4ng gi\u1ed1ng nh\u01b0 T\u00e2y Y l\u00e0m cho ng\u01b0\u1eddi b\u1ec7nh b\u1edbt c\u1ea3m gi\u00e1c \u0111au \u0111\u1edbn nh\u01b0ng th\u1ef1c ch\u1ea5t c\u01a1 th\u1ec3 v\u1eabn \u0111ang ph\u1ea3i ch\u1ecbu nh\u1eefng t\u1ed5n th\u01b0\u01a1ng ng\u1ea7m), ch\u1ed1ng co th\u1eaft m\u1ea1ch m\u00e1u n\u00e3o, l\u01b0u th\u00f4ng kh\u00ed huy\u1ebft t\u0103ng c\u01b0\u1eddng m\u00e1u l\u00ean n\u00e3o v\u00e0 \u0111i\u1ec1u h\u00f2a <\/span><strong>Serotonin<\/strong><span style=\"font-weight: 400;\"> (m\u1ed9t ch\u1ea5t d\u1eabn truy\u1ec1n th\u1ea7n kinh li\u00ean quan m\u1eadt thi\u1ebft t\u1edbi nh\u1eadn th\u1ee9c, tr\u00ed nh\u1edb, s\u1ef1 h\u1ea1nh ph\u00fac, t\u00e2m sinh l\u00fd, h\u1ecdc t\u1eadp v\u00e0 khen th\u01b0\u1edfng).<\/span><\/span><\/p>\n<p><iframe title=\"YouTube video player\" src=\"https:\/\/www.youtube.com\/embed\/aFSn7ZNicx8\" width=\"560\" height=\"315\" frameborder=\"0\" allowfullscreen=\"allowfullscreen\"><\/iframe><\/p>\n<p style=\"text-align: justify;\"><span style=\"font-size: 12pt;\"><strong><span style=\"color: #993300;\">\u0110\u1ed0I T\u01af\u1ee2NG S\u1eec D\u1ee4NG:<\/span><\/strong><\/span><\/p>\n<p style=\"text-align: justify;\"><span style=\"font-weight: 400; font-size: 12pt;\">Thu\u1ed1c ch\u1ec9 \u0111\u1ecbnh d\u00f9ng cho b\u1ec7nh nh\u00e2n \u0111\u01b0\u1ee3c ch\u1ea9n \u0111o\u00e1n l\u00e0 m\u1eafc b\u1ec7nh \u0111au \u0111\u1ea7u Migraine. Ph\u1ee5 n\u1eef mang thai hay \u0111ang cho con b\u00fa, tr\u1ebb em v\u00e0 c\u00e1c \u0111\u1ed1i t\u01b0\u1ee3ng m\u1eabn c\u1ea3m v\u1edbi th\u00e0nh ph\u1ea7n c\u1ee7a thu\u1ed1c ph\u1ea3i \u0111\u01b0\u1ee3c ch\u1ec9 \u0111\u1ecbnh t\u1eeb b\u00e1c s\u1ef9 chuy\u00ean m\u00f4n.<\/span><\/p>\n<p style=\"text-align: justify;\"><span style=\"color: #993300; font-size: 12pt;\"><strong>H\u01af\u1edaNG D\u1eaaN S\u1eec D\u1ee4NG:<\/strong><\/span><\/p>\n<p style=\"text-align: justify;\"><span style=\"font-weight: 400; font-size: 12pt;\">S\u1eafc u\u1ed1ng<\/span><\/p>\n<p style=\"text-align: justify;\"><span style=\"color: #993300; font-size: 12pt;\"><strong>TH\u00d4NG TIN KH\u00c1C:<\/strong><\/span><\/p>\n<p style=\"text-align: justify;\"><span style=\"font-size: 12pt;\"><a href=\"http:\/\/localhost\/webcusinhlongduong\/\"><strong>Ph\u00f2ng kh\u00e1m \u0110\u00f4ng y Sinh Long \u0110\u01b0\u1eddng<\/strong><\/a><span style=\"font-weight: 400;\"> chuy\u00ean kh\u00e1m, ch\u1ea9n \u0111o\u00e1n v\u00e0 ch\u1eefa tr\u1ecb b\u1ec7nh, gi\u00fap ph\u1ee5c h\u1ed3i s\u1ee9c kh\u1ecfe, t\u0103ng c\u01b0\u1eddng sinh l\u00fd. C\u00e1c b\u00e0i thu\u1ed1c \u0111\u1ec1u l\u00e0 c\u00f4ng th\u1ee9c gia truy\u1ec1n c\u1ee7a d\u00f2ng h\u1ecd, s\u1eed d\u1ee5ng th\u1ea3o d\u01b0\u1ee3c qu\u00fd, l\u00e0nh t\u00ednh,.. <\/span><strong>Thu\u1ed1c \u0111i\u1ec1u tr\u1ecb \u0111au n\u1eeda \u0111\u1ea7u Migraine<\/strong><span style=\"font-weight: 400;\"> l\u00e0 s\u1ea3n ph\u1ea9m \u0111\u01b0\u1ee3c ki\u1ec3m ch\u1ee9ng l\u00e2m s\u00e0ng, trong su\u1ed1t h\u01a1n 10 n\u0103m qua \u0111\u00e3 ch\u1eefa d\u1ee9t \u0111i\u1ec3m cho r\u1ea5t nhi\u1ec1u b\u1ec7nh nh\u00e2n, bao g\u1ed3m c\u1ea3 nh\u1eefng ng\u01b0\u1eddi theo T\u00e2y Y nh\u01b0ng kh\u00f4ng hi\u1ec7u qu\u1ea3.<\/span><\/span><\/p>\n<div dir=\"auto\"><span class=\"pq6dq46d tbxw36s4 knj5qynh kvgmc6g5 ditlmg2l oygrvhab nvdbi5me sf5mxxl7 gl3lb2sf hhz5lgdu\"><img decoding=\"async\" src=\"https:\/\/static.xx.fbcdn.net\/images\/emoji.php\/v9\/t9b\/1.5\/16\/2618.png\" alt=\"\u2618\" width=\"16\" height=\"16\" \/><\/span><span class=\"pq6dq46d tbxw36s4 knj5qynh kvgmc6g5 ditlmg2l oygrvhab nvdbi5me sf5mxxl7 gl3lb2sf hhz5lgdu\"><img decoding=\"async\" src=\"https:\/\/static.xx.fbcdn.net\/images\/emoji.php\/v9\/t9b\/1.5\/16\/2618.png\" alt=\"\u2618\" width=\"16\" height=\"16\" \/><\/span><span class=\"pq6dq46d tbxw36s4 knj5qynh kvgmc6g5 ditlmg2l oygrvhab nvdbi5me sf5mxxl7 gl3lb2sf hhz5lgdu\"><img decoding=\"async\" src=\"https:\/\/static.xx.fbcdn.net\/images\/emoji.php\/v9\/t9b\/1.5\/16\/2618.png\" alt=\"\u2618\" width=\"16\" height=\"16\" \/><\/span>h\u00e3y li\u00ean h\u1ec7 v\u1edbi <em class=\"Highlight\">ch\u00fa<\/em>ng t\u00f4i<\/div>\n<div dir=\"auto\">Ph\u00f2ng Kh\u00e1m \u0110\u00f4ng Y Sinh Long \u0110\u01b0\u1eddng<\/div>\n<div dir=\"auto\">\u272a Chuy\u00ean khoa \u0111i\u1ec1u tr\u1ecb c\u00e1c b\u1ec7nh li\u00ean quan \u0111\u1ebfn b\u1ec7nh Ph\u1ee5 khoa &#8211; Nam khoa &#8211; B\u1ec7nh x\u00e3 h\u1ed9i &#8211; V\u00f4 sinh hi\u1ebfm mu\u1ed9n<\/div>\n<div dir=\"auto\">\u272a S\u0110T t\u01b0 v\u1ea5n v\u00e0 \u0111\u1eb7t h\u1eb9n: 0974.07.04.85 &#8211; 0915.180.628<\/div>\n<div dir=\"auto\">\u272a \u0110\u1ecba ch\u1ec9: C\u01a1 s\u1edf 1:x\u00f3m M\u1edbi,Ki\u1ec1u \u0110o\u00e0i,\u0110\u1ea1i Xuy\u00ean,Ph\u00fa Xuy\u00ean,HN<\/div>\n<div dir=\"auto\">TEL <span class=\"pq6dq46d tbxw36s4 knj5qynh kvgmc6g5 ditlmg2l oygrvhab nvdbi5me sf5mxxl7 gl3lb2sf hhz5lgdu\"><img decoding=\"async\" src=\"https:\/\/static.xx.fbcdn.net\/images\/emoji.php\/v9\/ta9\/1.5\/16\/260e.png\" alt=\"\u260e\ufe0f\" width=\"16\" height=\"16\" \/><\/span><span class=\"pq6dq46d tbxw36s4 knj5qynh kvgmc6g5 ditlmg2l oygrvhab nvdbi5me sf5mxxl7 gl3lb2sf hhz5lgdu\"><img decoding=\"async\" src=\"https:\/\/static.xx.fbcdn.net\/images\/emoji.php\/v9\/ta9\/1.5\/16\/260e.png\" alt=\"\u260e\ufe0f\" width=\"16\" height=\"16\" \/><\/span> 0974070485<\/div>\n<div dir=\"auto\">C\u01a1 s\u1edf 2: \u0111\u1ed1i di\u1ec7n CT8A \u0110\u1ea1i Thanh ,T\u1ea3 Thanh Oai,Thanh Tr\u00ec ,HN<\/div>\n<div dir=\"auto\">TEL<span class=\"pq6dq46d tbxw36s4 knj5qynh kvgmc6g5 ditlmg2l oygrvhab nvdbi5me sf5mxxl7 gl3lb2sf hhz5lgdu\"><img decoding=\"async\" src=\"https:\/\/static.xx.fbcdn.net\/images\/emoji.php\/v9\/ta9\/1.5\/16\/260e.png\" alt=\"\u260e\ufe0f\" width=\"16\" height=\"16\" \/><\/span><span class=\"pq6dq46d tbxw36s4 knj5qynh kvgmc6g5 ditlmg2l oygrvhab nvdbi5me sf5mxxl7 gl3lb2sf hhz5lgdu\"><img decoding=\"async\" src=\"https:\/\/static.xx.fbcdn.net\/images\/emoji.php\/v9\/ta9\/1.5\/16\/260e.png\" alt=\"\u260e\ufe0f\" width=\"16\" height=\"16\" \/><\/span> 0915180628<\/div>\n<div dir=\"auto\">\u272a Kh\u00e1m ch\u1eefa b\u1ec7nh ngo\u00e0i gi\u1edd h\u00e0nh ch\u00ednh: t\u1eeb 8h00 &#8211; 20h30 t\u1ea5t c\u1ea3<\/div>\n<div dir=\"auto\">c\u00e1c ng\u00e0y trong tu\u1ea7n k\u1ec3 c\u1ea3 th\u1ee9 7 ch\u1ee7 nh\u1eadt v\u00e0 ng\u00e0y l\u1ec5.<\/div>\n<div dir=\"auto\">thu\u1ed1c c\u00f3 t\u00e1c d\u1ee5ng nhanh hay ch\u1ea1m t\u00f9y c\u01a1 \u0111\u1ecba m\u1ed7i ng\u01b0\u1eddi.<\/div>\n","protected":false},"excerpt":{"rendered":"<p><img fetchpriority=\"high\" decoding=\"async\" class=\"alignnone size-full wp-image-1006\" src=\"https:\/\/sinhlongduong.com\/wp-content\/uploads\/2022\/06\/thuoc-nam-dac-tri-dau-nua-dau-migraine-1.jpg\" alt=\"\" width=\"400\" height=\"300\" \/><\/p>\n","protected":false},"featured_media":1006,"comment_status":"open","ping_status":"closed","template":"","meta":[],"product_brand":[],"product_cat":[15,207,90],"product_tag":[173,254,253,172],"yst_prominent_words":[],"class_list":{"0":"post-1005","1":"product","2":"type-product","3":"status-publish","4":"has-post-thumbnail","6":"product_cat-benh","7":"product_cat-dau-dau","8":"product_cat-dau-nua-dau-migraine","9":"product_tag-dau-dau","10":"product_tag-dau-dau-roi-loan-van-mach","11":"product_tag-dau-nua-dau","12":"product_tag-thuoc-dau-nua-dau","14":"first","15":"instock","16":"sale","17":"shipping-taxable","18":"purchasable","19":"product-type-simple"},"_links":{"self":[{"href":"https:\/\/sinhlongduong.com\/index.php?rest_route=\/wp\/v2\/product\/1005","targetHints":{"allow":["GET"]}}],"collection":[{"href":"https:\/\/sinhlongduong.com\/index.php?rest_route=\/wp\/v2\/product"}],"about":[{"href":"https:\/\/sinhlongduong.com\/index.php?rest_route=\/wp\/v2\/types\/product"}],"replies":[{"embeddable":true,"href":"https:\/\/sinhlongduong.com\/index.php?rest_route=%2Fwp%2Fv2%2Fcomments&post=1005"}],"wp:featuredmedia":[{"embeddable":true,"href":"https:\/\/sinhlongduong.com\/index.php?rest_route=\/wp\/v2\/media\/1006"}],"wp:attachment":[{"href":"https:\/\/sinhlongduong.com\/index.php?rest_route=%2Fwp%2Fv2%2Fmedia&parent=1005"}],"wp:term":[{"taxonomy":"product_brand","embeddable":true,"href":"https:\/\/sinhlongduong.com\/index.php?rest_route=%2Fwp%2Fv2%2Fproduct_brand&post=1005"},{"taxonomy":"product_cat","embeddable":true,"href":"https:\/\/sinhlongduong.com\/index.php?rest_route=%2Fwp%2Fv2%2Fproduct_cat&post=1005"},{"taxonomy":"product_tag","embeddable":true,"href":"https:\/\/sinhlongduong.com\/index.php?rest_route=%2Fwp%2Fv2%2Fproduct_tag&post=1005"},{"taxonomy":"yst_prominent_words","embeddable":true,"href":"https:\/\/sinhlongduong.com\/index.php?rest_route=%2Fwp%2Fv2%2Fyst_prominent_words&post=1005"}],"curies":[{"name":"wp","href":"https:\/\/api.w.org\/{rel}","templated":true}]}}