{"id":650,"date":"2022-06-02T08:51:21","date_gmt":"2022-06-02T08:51:21","guid":{"rendered":"https:\/\/sinhlongduong.com\/?post_type=product&#038;p=650"},"modified":"2022-06-13T09:50:59","modified_gmt":"2022-06-13T09:50:59","slug":"that-bao-hoan","status":"publish","type":"product","link":"https:\/\/sinhlongduong.com\/?product=that-bao-hoan","title":{"rendered":"Th\u1ea5t b\u1ea3o Ho\u00e0n"},"content":{"rendered":"<p>TH\u1ea4T B\u1ea2O \u0110AN<\/p>\n<h3><strong>Th\u00e0nh ph\u1ea7n<\/strong><\/h3>\n<p><em class=\"Highlight\">C\u00f4<\/em>ng th\u1ee9c cho vi\u00ean ho\u00e0n m\u1ec1m 8,5g<\/p>\n<p>H\u00e0 th\u1ee7 \u00f4 \u0111\u1ecf \u2026\u2026\u2026\u2026\u2026\u2026\u2026\u2026\u2026\u2026.. 0,54g<\/p>\n<p>B\u1ea1ch linh \u2026\u2026\u2026\u2026\u2026\u2026\u2026\u2026\u2026\u2026\u2026.. 0,54g<\/p>\n<p>Ng\u01b0u t\u1ea5t \u2026\u2026\u2026\u2026\u2026\u2026\u2026\u2026\u2026.\u2026\u2026.. 0,54g<\/p>\n<p>\u0110\u01b0\u01a1ng quy \u2026\u2026\u2026\u2026.\u2026\u2026\u2026\u2026\u2026\u2026.. 0,54g<\/p>\n<p>K\u1ef7 t\u1eed \u2026\u2026\u2026\u2026\u2026\u2026\u2026\u2026\u2026\u2026..\u2026\u2026.. 0,54g<\/p>\n<p>\u00cdch tr\u00ed nh\u00e2n \u2026\u2026\u2026\u2026\u2026.\u2026\u2026\u2026\u2026\u2026.. 0,41g<\/p>\n<p>Ba k\u00edch \u2026\u2026\u2026\u2026\u2026\u2026\u2026\u2026\u2026\u2026\u2026\u2026.. 0,54g<\/p>\n<p>Ph\u00fac b\u1ed3n t\u1eed \u2026\u2026\u2026\u2026\u2026.\u2026\u2026\u2026\u2026\u2026.. 0,54g<\/p>\n<p>Ph\u00e1 c\u1ed1 ch\u1ec9 \u2026\u2026\u2026\u2026\u2026\u2026\u2026\u2026\u2026\u2026\u2026.. 0,27g<\/p>\n<p>T\u00e1 d\u01b0\u1ee3c v\u1eeba \u0111\u1ee7 \u2026\u2026\u2026\u2026\u2026\u2026\u2026\u2026\u2026.. 8,50g<\/p>\n<ul>\n<li>C\u00d4NG D\u1ee4NG:<\/li>\n<li>Ch\u1ee7 y\u1ebfu \u0111i\u1ec1u tr\u1ecb m\u1ec7nh m\u00f4n h\u01b0 suy, nam n\u1eef sinh ho\u1ea1t ho\u1eb7c th\u1ee5 d\u00e2m qu\u00e1 nhi\u1ec1u l\u00e0m th\u1eadn kh\u00ed h\u01b0, kh\u00f4ng d\u1eef \u0111\u01b0\u1ee3c tinh kh\u00ed g\u00e2y v\u00f4 sinh, \u0111au l\u01b0ng, g\u1ed1i m\u1ecfi, t\u00f3c b\u1ea1c s\u1edbm, kh\u00ed huy\u1ebft h\u01b0, \u0111\u1ea1i ti\u1ec7n l\u1ecfng, ti\u1ec3u \u0111\u00eam nhi\u1ec1u l\u1ea7n, b\u1ea1c t\u00f3c s\u1edbm, sinh l\u00fd k\u00e9m, tim h\u1ed3i h\u1ed9p, m\u1ea5t ng\u1ee7, \u0103n u\u1ed1ng k\u00e9m,\u2026<\/li>\n<li>Th\u00e0nh ph\u1ea7n Th\u1ea5t b\u1ea3o \u0111an l\u00e0 g\u00ec<\/li>\n<li>Th\u1ea5t b\u1ea3o \u0111an c\u1ee7a Sinh Long \u0110\u01b0\u1eddng \u0111\u01b0\u1ee3c b\u00e0o ch\u1ebf ho\u00e0n to\u00e0n t\u1eeb d\u01b0\u1ee3c li\u1ec7u thi\u00ean nhi\u00ean nh\u01b0: B\u1ea1ch linh, H\u00e0 th\u1ee7 \u0111\u00f4 \u0111\u1ecf, Ph\u00e1 c\u1ed1 ch\u1ec9, C\u00e2u k\u1ef7 t\u1eed, \u0110\u01b0\u01a1ng quy, Ng\u01b0u t\u1ea5t, Th\u1ed5 ti t\u1eed<\/li>\n<li>C\u00e1ch d\u00f9ng Th\u1ea5t b\u1ea3o \u0111an nh\u01b0 th\u1ebf n\u00e0o<\/li>\n<li>Ng\u00e0y u\u1ed1ng 2 l\u1ea7n, m\u1ed7i l\u1ea7n u\u1ed1ng 20- 35 ho\u00e0n.<\/li>\n<li>\u0110\u1ecba ch\u1ec9: C\u01a1 s\u1edf 1: s\u1ed1 56 x\u00f3m M\u1edbi,Ki\u1ec1u \u0110o\u00e0i,\u0110\u1ea1i Xuy\u00ean,Ph\u00fa Xuy\u00ean,HN; TEL 0974070485<\/li>\n<li>C\u01a1 s\u1edf 2: \u0111\u1ed1i di\u1ec7n CT8A \u0110\u1ea1i Thanh ,T\u1ea3 Thanh Oai,Thanh Tr\u00ec ,HN; TEL\u00a0\u00a0 0915180628<\/li>\n<li>S\u1ea3n ph\u1ea9m l\u01b0u h\u00e0nh n\u1ed9i b\u1ed9. H\u1ea1n D\u00f9ng 24 th\u00e1ng sau ng\u00e0y s\u1ea3n xu\u1ea5t<\/li>\n<\/ul>\n","protected":false},"excerpt":{"rendered":"<p><img fetchpriority=\"high\" decoding=\"async\" class=\"alignnone size-medium wp-image-1011\" src=\"https:\/\/sinhlongduong.com\/wp-content\/uploads\/2022\/06\/imag0563_optimized-533x400.jpg\" alt=\"\" width=\"533\" height=\"400\" srcset=\"https:\/\/sinhlongduong.com\/wp-content\/uploads\/2022\/06\/imag0563_optimized-533x400.jpg 533w, https:\/\/sinhlongduong.com\/wp-content\/uploads\/2022\/06\/imag0563_optimized-1067x800.jpg 1067w, https:\/\/sinhlongduong.com\/wp-content\/uploads\/2022\/06\/imag0563_optimized-768x576.jpg 768w, https:\/\/sinhlongduong.com\/wp-content\/uploads\/2022\/06\/imag0563_optimized-1536x1152.jpg 1536w, https:\/\/sinhlongduong.com\/wp-content\/uploads\/2022\/06\/imag0563_optimized-2048x1536.jpg 2048w, https:\/\/sinhlongduong.com\/wp-content\/uploads\/2022\/06\/imag0563_optimized-510x383.jpg 510w\" sizes=\"(max-width: 533px) 100vw, 533px\" \/><\/p>\n","protected":false},"featured_media":1012,"comment_status":"open","ping_status":"closed","template":"","meta":[],"product_brand":[],"product_cat":[15,176,104,102,99,203,101,103],"product_tag":[167,168,162,166,164],"yst_prominent_words":[],"class_list":{"0":"post-650","1":"product","2":"type-product","3":"status-publish","4":"has-post-thumbnail","6":"product_cat-benh","7":"product_cat-benh-sinh-ly","8":"product_cat-khong-co-tinh-trung","9":"product_cat-liet-duong","10":"product_cat-nam-khoa","11":"product_cat-roi-loan-cuong-duong","12":"product_cat-tinh-trung-bat-thuong","13":"product_cat-tinh-trung-di-dang","14":"product_tag-bao-hoan","15":"product_tag-bo-sung-sinh-ly","16":"product_tag-sinh-ly-nam","17":"product_tag-that-bao-hoan","18":"product_tag-yeu-sinh-ly","20":"first","21":"instock","22":"sale","23":"shipping-taxable","24":"purchasable","25":"product-type-simple"},"_links":{"self":[{"href":"https:\/\/sinhlongduong.com\/index.php?rest_route=\/wp\/v2\/product\/650","targetHints":{"allow":["GET"]}}],"collection":[{"href":"https:\/\/sinhlongduong.com\/index.php?rest_route=\/wp\/v2\/product"}],"about":[{"href":"https:\/\/sinhlongduong.com\/index.php?rest_route=\/wp\/v2\/types\/product"}],"replies":[{"embeddable":true,"href":"https:\/\/sinhlongduong.com\/index.php?rest_route=%2Fwp%2Fv2%2Fcomments&post=650"}],"wp:featuredmedia":[{"embeddable":true,"href":"https:\/\/sinhlongduong.com\/index.php?rest_route=\/wp\/v2\/media\/1012"}],"wp:attachment":[{"href":"https:\/\/sinhlongduong.com\/index.php?rest_route=%2Fwp%2Fv2%2Fmedia&parent=650"}],"wp:term":[{"taxonomy":"product_brand","embeddable":true,"href":"https:\/\/sinhlongduong.com\/index.php?rest_route=%2Fwp%2Fv2%2Fproduct_brand&post=650"},{"taxonomy":"product_cat","embeddable":true,"href":"https:\/\/sinhlongduong.com\/index.php?rest_route=%2Fwp%2Fv2%2Fproduct_cat&post=650"},{"taxonomy":"product_tag","embeddable":true,"href":"https:\/\/sinhlongduong.com\/index.php?rest_route=%2Fwp%2Fv2%2Fproduct_tag&post=650"},{"taxonomy":"yst_prominent_words","embeddable":true,"href":"https:\/\/sinhlongduong.com\/index.php?rest_route=%2Fwp%2Fv2%2Fyst_prominent_words&post=650"}],"curies":[{"name":"wp","href":"https:\/\/api.w.org\/{rel}","templated":true}]}}