{"id":653,"date":"2022-06-02T08:57:03","date_gmt":"2022-06-02T08:57:03","guid":{"rendered":"https:\/\/sinhlongduong.com\/?post_type=product&#038;p=653"},"modified":"2023-08-16T14:01:03","modified_gmt":"2023-08-16T07:01:03","slug":"thuoc-sac-san-thuoc-sac-dong-tui","status":"publish","type":"product","link":"https:\/\/sinhlongduong.com\/?product=thuoc-sac-san-thuoc-sac-dong-tui","title":{"rendered":"Thu\u1ed1c s\u1eafc s\u1eb5n (thu\u1ed1c s\u1eafc \u0111\u00f3ng t\u00fai)"},"content":{"rendered":"<figure id=\"attachment_5659\" aria-describedby=\"caption-attachment-5659\" style=\"width: 600px\" class=\"wp-caption alignright\"><img fetchpriority=\"high\" decoding=\"async\" class=\"wp-image-5659 size-full\" src=\"https:\/\/sinhlongduong.com\/wp-content\/uploads\/2022\/06\/thuoc-sac-dong-tui1.jpg\" alt=\"thu\u1ed1c s\u1eafc s\u1eb5n \u0111\u00f3ng t\u00fai\" width=\"600\" height=\"400\" srcset=\"https:\/\/sinhlongduong.com\/wp-content\/uploads\/2022\/06\/thuoc-sac-dong-tui1.jpg 600w, https:\/\/sinhlongduong.com\/wp-content\/uploads\/2022\/06\/thuoc-sac-dong-tui1-510x340.jpg 510w\" sizes=\"(max-width: 600px) 100vw, 600px\" \/><figcaption id=\"caption-attachment-5659\" class=\"wp-caption-text\">Thu\u1ed1c s\u1eafc S\u1eb5n<\/figcaption><\/figure>\n<p>Thu\u1ed1c thang l\u00e0 m\u1ed9t d\u1ea1ng thu\u1ed1c \u0111\u01b0\u1ee3c d\u00f9ng nhi\u1ec1u nh\u1ea5t trong \u0110\u00f4ng y v\u00ec c\u00f3 hi\u1ec7u qu\u1ea3 h\u01a1n h\u1eb3n nh\u1eefng d\u1ea1ng thu\u1ed1c kh\u00e1c nh\u01b0 cao, \u0111\u01a1n, ho\u00e0n, t\u00e1n&#8230; D\u1ea1ng thu\u1ed1c n\u00e0y \u0111\u00f2i h\u1ecfi ng\u01b0\u1eddi s\u1eed d\u1ee5ng ph\u1ea3i &#8220;n\u1ea5u&#8221; c\u00e1c v\u1ecb thu\u1ed1c b\u1eb1ng n\u01b0\u1edbc trong m\u1ed9t kho\u1ea3ng th\u1eddi gian nh\u1ea5t \u0111\u1ecbnh m\u1edbi d\u00f9ng \u0111\u01b0\u1ee3c (m\u00e0 ta quen g\u1ecdi l\u00e0 &#8220;s\u1eafc&#8221;). Trong l\u1ecbch s\u1eed \u0110\u00f4ng y, thu\u1ed1c thang \u0111\u01b0\u1ee3c d\u00f9ng t\u1eeb r\u1ea5t s\u1edbm. Tuy nhi\u00ean, vi\u1ec7c s\u1eafc thu\u1ed1c \u0111\u00f2i h\u1ecfi kh\u00e1 nhi\u1ec1u th\u1eddi gian, s\u1ef1 ch\u00fa \u00fd v\u00e0 c\u1ea3 nh\u1eefng &#8220;b\u00ed quy\u1ebft&#8221; \u0111\u1ec3 \u0111\u1ea1t \u0111\u01b0\u1ee3c hi\u1ec7u qu\u1ea3 \u0111i\u1ec1u tr\u1ecb nh\u01b0 mong mu\u1ed1n.<br \/>\nD\u01b0\u1ee3c l\u00fd h\u1ecdc c\u1ed5 truy\u1ec1n \u0111\u00e3 \u0111\u1ec1 ra nh\u1eefng qui \u0111\u1ecbnh kh\u1eaft khe trong vi\u1ec7c s\u1eafc thu\u1ed1c thang. Tr\u00ean th\u1ef1c t\u1ebf, ng\u00e0y nay c\u00e1c qui \u0111\u1ecbnh n\u00e0y xem ra kh\u00f4ng c\u00f2n \u0111\u01b0\u1ee3c tu\u00e2n th\u1ee7 ch\u1eb7t ch\u1ebd l\u1eafm. Tuy nhi\u00ean, c\u00e1c nguy\u00ean t\u1eafc c\u01a1 b\u1ea3n v\u1eabn kh\u00f4ng thay \u0111\u1ed5i.<br \/>\nPh\u00f2ng Kh\u00e1m Chuy\u00ean Khoa YHCT Sinh Long \u0110\u01b0\u1eddng c\u00f3 d\u1ecbch v\u1ee5 s\u1eafc thu\u1ed1c, \u0111\u00f3ng t\u00fai t\u1ef1 \u0111\u1ed9ng theo c\u00f4ng ngh\u1ec7 hi\u1ec7n \u0111\u1ea1i nh\u1ea5t c\u1ee7a H\u00e0n Qu\u1ed1c<br \/>\n* Thu\u1ed1c \u0111\u01b0\u1ee3c s\u1eafc, \u00e9p theo m\u1ed9t quy tr\u00ecnh kh\u00e9p k\u00edn, li\u00ean ho\u00e0n, \u0111\u1ea3m b\u1ea3o ch\u1ea5t l\u01b0\u1ee3ng t\u1ed1t nh\u1ea5t, chi\u1ebft xu\u1ea5t t\u1ed1i \u01b0u c\u00e1c ch\u1ea5t c\u00f3 trong d\u01b0\u1ee3c li\u1ec7u, kh\u00f4ng b\u1ecb bay h\u01a1i, m\u1ea5t kh\u00ed v\u1ecb c\u1ee7a thu\u1ed1c v\u00e0 \u0111\u1ea3m b\u1ea3o v\u1ec7 sinh theo ti\u00eau chu\u1ea9n d\u01b0\u1ee3c ph\u1ea9m.<br \/>\n* Thu\u1ed1c s\u1eafc theo c\u00f4ng ngh\u1ec7 n\u00e0y th\u01a1m ngon h\u01a1n, ch\u1ea5t l\u01b0\u1ee3ng h\u01a1n r\u1ea5t nhi\u1ec1u so v\u1edbi s\u1eafc b\u1eb1ng ph\u01b0\u01a1ng ph\u00e1p th\u00f4ng th\u01b0\u1eddng &#8211; ph\u00e1t huy t\u1ed1i \u0111a t\u00e1c d\u1ee5ng \u0111i\u1ec1u tr\u1ecb c\u1ee7a thu\u1ed1c.<br \/>\nQu\u00fd b\u1ec7nh nh\u00e2n \u0111\u01b0\u1ee3c k\u00ea \u0111\u01a1n theo y l\u1ec7nh c\u1ee7a b\u00e1c s\u0129, sau khi kh\u00e1m b\u1ec7nh v\u00e0 mang \u0111i s\u1eafc thu\u00f4c cho b\u1ec7nh nh\u00e2n, n\u1ebfu b\u1ec7nh nh\u00e2n c\u00f3 nhu c\u1ea7u s\u1eafc thu\u1ed1c.<br \/>\nThu\u1ed1c s\u1eafc, \u0111\u00f3ng t\u00fai<br \/>\n* Thu\u1ed1c \u0111\u01b0\u1ee3c \u0111\u00f3ng g\u00f3i trong m\u00f4i tr\u01b0\u1eddng v\u00f4 khu\u1ea9n v\u00e0 nhi\u1ec7t \u0111\u1ed9 s\u00f4i, v\u1edbi bao b\u00ec \u0111\u1eb7c bi\u1ec7t, n\u00ean c\u00f3 th\u1ec3 b\u1ea3o qu\u1ea3n thu\u1ed1c trong th\u1eddi gian d\u00e0i 3 th\u00e1ng = 90 ng\u00e0y m\u00e0 v\u1eabn \u0111\u1ea3m b\u1ea3o gi\u1eef nguy\u00ean ch\u1ea5t l\u01b0\u1ee3ng thu\u1ed1c.<br \/>\n* Chi ph\u00ed r\u1ebb h\u01a1n nhi\u1ec1u so v\u1edbi s\u1eafc thu\u1ed1c theo c\u00e1ch th\u00f4ng th\u01b0\u1eddng b\u1eb1ng ga v\u00e0 \u0111i\u1ec7n.<br \/>\n* Ti\u1ebft ki\u1ec7m th\u1eddi gian s\u1eafc thu\u1ed1c.<br \/>\n? S\u1eed d\u1ee5ng ti\u1ec7n l\u1ee3i m\u1ed7i ng\u00e0y u\u1ed1ng m\u1ed9t t\u00fai ng\u00e0y 2- 3 l\u1ea7n. Mu\u1ed1n u\u1ed1ng n\u00f3ng c\u00e1c b\u1ea1n c\u00f3 th\u1ec3 l\u00e0m \u1ea5m t\u00fai b\u1eb1ng n\u01b0\u1edbc s\u00f4i.<br \/>\n?Thu\u1ed1c \u0111\u01b0\u1ee3c s\u1eafc tr\u00ean d\u00e2y truy\u1ec1n c\u00f4ng ngh\u1ec7 t\u1ef1 \u0111\u1ed9ng hi\u1ec7n \u0111\u1ea1i \u0111\u1ea3m b\u1ea3o t\u00ednh ch\u1ea5t l\u01b0\u1ee3ng, v\u00e0 hi\u1ec7u qu\u1ea3 c\u1ee7a thu\u1ed1c.<br \/>\nThu\u1ed1c \u0111\u01b0\u1ee3c \u0111\u00f3ng g\u00f3i ch\u00eca li\u1ec1u trong m\u00f4i tr\u01b0\u1eddng v\u00f4 khu\u1ea9n<\/p>\n<p>Caccs b\u1ea1n k\u00eat b\u1ea1n zalo ho\u1eb7c g\u1ecdi tr\u1ee5c ti\u1ebfp \u0111\u1ec3 \u0111u\u1ecdc t\u01b0 v\u1ea5n s\u1ed1 0343.86.86.85<\/p>\n<p>&gt;<a href=\"http:\/\/localhost\/webcusinhlongduong\/chung-hau-covid\/\" target=\"_blank\" rel=\"noopener noreferrer\"> b\u1ea1n c\u00f3 th\u1ec3 xem th\u00eam thu\u1ed1c s\u1eafc s\u00e3n ch\u0169a h\u1eadu Covid t\u1ea1i \u0111\u00e2y !<\/a><\/p>\n<blockquote><p>&gt;<a href=\"http:\/\/localhost\/webcusinhlongduong\/benh-o-nam-gioi\/\"> B\u1ea1n c\u00f3 th\u1ec3 xem th\u00eam c\u00e1c b\u1ec7n nam khoa t\u1ea1i \u0111\u00e2y!<\/a><\/p>\n<p><a href=\"http:\/\/localhost\/webcusinhlongduong\/benh-o-nu-gioi\/\" target=\"_blank\" rel=\"noopener noreferrer\">&gt; B\u1ea1n c\u00f3 th\u1ec3 xem th\u00eam c\u00e1c b\u1ec7nh n\u1eef khoa t\u1ea1i \u0111\u00e2y.<\/a><\/p><\/blockquote>\n<p>B\u1ea1n c\u1ea7n t\u01b0 v\u1ea5n b\u1ec7nh g\u00ec c\u1ee9 m\u1ea1nh d\u1ea1n g\u1ecdi tr\u1ee5c ti\u1ebfp c\u00e1c b\u00e1c s\u0129 t\u1ea1i Ph\u00f2ng Kh\u00e1m chuy\u00ean khoa YHCT Sinh Long \u0110\u01b0\u1eddng; 0974 07 04 85. Ho\u1eb7c 0915 180 628.<\/p>\n<p><iframe title=\"YouTube video player\" src=\"https:\/\/www.youtube.com\/embed\/9JMwW4Hcx_o\" width=\"560\" height=\"315\" frameborder=\"0\" allowfullscreen=\"allowfullscreen\" data-mce-fragment=\"1\"><\/iframe><\/p>\n","protected":false},"excerpt":{"rendered":"<p><img decoding=\"async\" class=\"alignnone size-full wp-image-654\" src=\"https:\/\/sinhlongduong.com\/wp-content\/uploads\/2022\/06\/thuoc-sac-dong-tui.jpg\" alt=\"\" width=\"600\" height=\"400\" srcset=\"https:\/\/sinhlongduong.com\/wp-content\/uploads\/2022\/06\/thuoc-sac-dong-tui.jpg 600w, https:\/\/sinhlongduong.com\/wp-content\/uploads\/2022\/06\/thuoc-sac-dong-tui-510x340.jpg 510w\" sizes=\"(max-width: 600px) 100vw, 600px\" \/><img decoding=\"async\" class=\"alignnone size-medium wp-image-990\" src=\"https:\/\/sinhlongduong.com\/wp-content\/uploads\/2022\/06\/IMAG0469-min-533x400.jpg\" alt=\"\" width=\"533\" height=\"400\" srcset=\"https:\/\/sinhlongduong.com\/wp-content\/uploads\/2022\/06\/IMAG0469-min-533x400.jpg 533w, https:\/\/sinhlongduong.com\/wp-content\/uploads\/2022\/06\/IMAG0469-min-1067x800.jpg 1067w, https:\/\/sinhlongduong.com\/wp-content\/uploads\/2022\/06\/IMAG0469-min-768x576.jpg 768w, https:\/\/sinhlongduong.com\/wp-content\/uploads\/2022\/06\/IMAG0469-min-1536x1152.jpg 1536w, https:\/\/sinhlongduong.com\/wp-content\/uploads\/2022\/06\/IMAG0469-min-2048x1536.jpg 2048w, https:\/\/sinhlongduong.com\/wp-content\/uploads\/2022\/06\/IMAG0469-min-510x383.jpg 510w\" sizes=\"(max-width: 533px) 100vw, 533px\" \/> <img loading=\"lazy\" decoding=\"async\" class=\"alignnone size-medium wp-image-991\" src=\"https:\/\/sinhlongduong.com\/wp-content\/uploads\/2022\/06\/IMAG0763-min-533x400.jpg\" alt=\"\" width=\"533\" height=\"400\" srcset=\"https:\/\/sinhlongduong.com\/wp-content\/uploads\/2022\/06\/IMAG0763-min-533x400.jpg 533w, https:\/\/sinhlongduong.com\/wp-content\/uploads\/2022\/06\/IMAG0763-min-1067x800.jpg 1067w, https:\/\/sinhlongduong.com\/wp-content\/uploads\/2022\/06\/IMAG0763-min-768x576.jpg 768w, https:\/\/sinhlongduong.com\/wp-content\/uploads\/2022\/06\/IMAG0763-min-1536x1152.jpg 1536w, https:\/\/sinhlongduong.com\/wp-content\/uploads\/2022\/06\/IMAG0763-min-2048x1536.jpg 2048w, https:\/\/sinhlongduong.com\/wp-content\/uploads\/2022\/06\/IMAG0763-min-510x383.jpg 510w\" sizes=\"(max-width: 533px) 100vw, 533px\" \/> <img loading=\"lazy\" decoding=\"async\" class=\"alignnone size-medium wp-image-992\" src=\"https:\/\/sinhlongduong.com\/wp-content\/uploads\/2022\/06\/IMAG0767-min-300x400.jpg\" alt=\"\" width=\"300\" height=\"400\" srcset=\"https:\/\/sinhlongduong.com\/wp-content\/uploads\/2022\/06\/IMAG0767-min-300x400.jpg 300w, https:\/\/sinhlongduong.com\/wp-content\/uploads\/2022\/06\/IMAG0767-min-600x800.jpg 600w, https:\/\/sinhlongduong.com\/wp-content\/uploads\/2022\/06\/IMAG0767-min-768x1024.jpg 768w, https:\/\/sinhlongduong.com\/wp-content\/uploads\/2022\/06\/IMAG0767-min-1152x1536.jpg 1152w, https:\/\/sinhlongduong.com\/wp-content\/uploads\/2022\/06\/IMAG0767-min-1536x2048.jpg 1536w, https:\/\/sinhlongduong.com\/wp-content\/uploads\/2022\/06\/IMAG0767-min-510x680.jpg 510w, https:\/\/sinhlongduong.com\/wp-content\/uploads\/2022\/06\/IMAG0767-min-scaled.jpg 1920w\" sizes=\"(max-width: 300px) 100vw, 300px\" \/><\/p>\n<p>Ch\u00fa \u00dd: gi\u00e1 c\u00f4ng s\u1eafc v\u00e0 \u0111\u00f3ng t\u00fai l\u00e0 4.500 \u0111.\u00a0 C\u00f2n qu\u00fd b\u1ec7nh nh\u00e2n mu\u1ed1n l\u1ea5y thu\u00f3c s\u1ebd c\u00f3 gi\u00e1 t\u00f9y v\u00e0o t\u00ecnh tr\u1ea1ng b\u1ec7nh l\u00fd c\u1ea7n \u0111i\u1ec1u tr\u1ecb.<\/p>\n<p>Thu\u1ed1c c\u00f3 t\u00e1c d\u1ee5ng nhanh hay ch\u1eadm t\u00f9y v\u00e0o c\u01a1 \u0111\u1ecba m\u1ed7i ng\u01b0\u1eddi.<\/p>\n","protected":false},"featured_media":654,"comment_status":"open","ping_status":"closed","template":"","meta":[],"product_brand":[],"product_cat":[127,128,122,15,175,207,177,205,204,176,106,104,102,87,99,95,203,109,111,209,208,108,107,82,81,80,101,103,100,115,116,117,88,206,110,112],"product_tag":[236,237,170,169],"yst_prominent_words":[],"class_list":{"0":"post-653","1":"product","2":"type-product","3":"status-publish","4":"has-post-thumbnail","6":"product_cat-bai-thuoc-chua-benh-dau-nua-dau","7":"product_cat-bai-thuoc-chua-benh-gay","8":"product_cat-bai-thuoc-chua-sa-tu-cung-da-con","9":"product_cat-benh","10":"product_cat-benh-da-day","11":"product_cat-dau-dau","12":"product_cat-benh-gan","13":"product_cat-benh-ly-xuong-khop-khac","14":"product_cat-benh-xa-hoi","15":"product_cat-benh-sinh-ly","16":"product_cat-da-nang-buong-trung","17":"product_cat-khong-co-tinh-trung","18":"product_cat-liet-duong","19":"product_cat-me-day","20":"product_cat-nam-khoa","21":"product_cat-nang-tuyen-liet-tuyen","22":"product_cat-roi-loan-cuong-duong","23":"product_cat-roi-loan-kinh-nguyet","24":"product_cat-san-hau","25":"product_cat-soi-mat","26":"product_cat-soi-than","27":"product_cat-suy-buong-trung","28":"product_cat-tac-voi-trung","29":"product_cat-thoai-hoa-cot-song","30":"product_cat-thoai-hoa-khop","31":"product_cat-thoat-vi-dia-dem","32":"product_cat-tinh-trung-bat-thuong","33":"product_cat-tinh-trung-di-dang","34":"product_cat-tinh-trung-von-cuc","35":"product_cat-ung-thu-da-day","36":"product_cat-ung-thu-nao","37":"product_cat-ung-thu-vu","38":"product_cat-viem-da-co-dia","39":"product_cat-viem-da-tiet-ba","40":"product_cat-viem-phu-khoa","41":"product_cat-xa-tu-cung","42":"product_tag-thuoc-hinh-con-huou","43":"product_tag-thuoc-hinh-cu-sam","44":"product_tag-thuoc-sac-dong-tui","45":"product_tag-thuoc-sac-san","47":"first","48":"instock","49":"sale","50":"shipping-taxable","51":"purchasable","52":"product-type-simple"},"_links":{"self":[{"href":"https:\/\/sinhlongduong.com\/index.php?rest_route=\/wp\/v2\/product\/653","targetHints":{"allow":["GET"]}}],"collection":[{"href":"https:\/\/sinhlongduong.com\/index.php?rest_route=\/wp\/v2\/product"}],"about":[{"href":"https:\/\/sinhlongduong.com\/index.php?rest_route=\/wp\/v2\/types\/product"}],"replies":[{"embeddable":true,"href":"https:\/\/sinhlongduong.com\/index.php?rest_route=%2Fwp%2Fv2%2Fcomments&post=653"}],"wp:featuredmedia":[{"embeddable":true,"href":"https:\/\/sinhlongduong.com\/index.php?rest_route=\/wp\/v2\/media\/654"}],"wp:attachment":[{"href":"https:\/\/sinhlongduong.com\/index.php?rest_route=%2Fwp%2Fv2%2Fmedia&parent=653"}],"wp:term":[{"taxonomy":"product_brand","embeddable":true,"href":"https:\/\/sinhlongduong.com\/index.php?rest_route=%2Fwp%2Fv2%2Fproduct_brand&post=653"},{"taxonomy":"product_cat","embeddable":true,"href":"https:\/\/sinhlongduong.com\/index.php?rest_route=%2Fwp%2Fv2%2Fproduct_cat&post=653"},{"taxonomy":"product_tag","embeddable":true,"href":"https:\/\/sinhlongduong.com\/index.php?rest_route=%2Fwp%2Fv2%2Fproduct_tag&post=653"},{"taxonomy":"yst_prominent_words","embeddable":true,"href":"https:\/\/sinhlongduong.com\/index.php?rest_route=%2Fwp%2Fv2%2Fyst_prominent_words&post=653"}],"curies":[{"name":"wp","href":"https:\/\/api.w.org\/{rel}","templated":true}]}}