{"id":658,"date":"2022-06-02T09:05:29","date_gmt":"2022-06-02T09:05:29","guid":{"rendered":"https:\/\/sinhlongduong.com\/?post_type=product&#038;p=658"},"modified":"2022-06-12T14:28:36","modified_gmt":"2022-06-12T14:28:36","slug":"an-cung-nguu-hoang-hoan","status":"publish","type":"product","link":"https:\/\/sinhlongduong.com\/?product=an-cung-nguu-hoang-hoan","title":{"rendered":"An Cung Ng\u01b0u Ho\u00e0ng Ho\u00e0n"},"content":{"rendered":"<p>\u201cB\u00e1ch Thi\u1ec7n Hi\u1ebfu Vi Ti\u00ean\u201d- Trong tr\u0103m vi\u1ec7c thi\u1ec7n th\u00ec hi\u1ebfu \u0111\u1ee9ng \u0111\u1ea7u.<br \/>\nB\u1ea1n kh\u00f4ng th\u1ec3 ch\u1ecdn cho m\u00ecnh cha m\u1eb9 tr\u01b0\u1edbc khi sinh ra, c\u0169ng nh\u01b0 kh\u00f4ng th\u1ec3 thay \u0111\u1ed5i \u0111\u01b0\u1ee3c quy lu\u1eadt c\u1ee7a t\u1ef1 nhi\u00ean v\u1ec1 \u201cSinh\u2013 L\u00e3o\u2013 B\u1ec7nh\u2013 T\u1eed\u201d.<br \/>\nCu\u1ed9c s\u1ed1ng \u0111\u1ea7y s\u00f4i \u0111\u1ed9ng \u0111\u00f4i khi khi\u1ebfn b\u1ea1n tr\u1edf n\u00ean v\u1ed9i v\u00e3 v\u00e0 qu\u00ean \u0111i \u0111i\u1ec1u \u0111\u00f3. \u0110\u1ec3 r\u1ed3i nh\u1eefng k\u1ef3 ngh\u1ec9 s\u1ebd l\u00e0 d\u1ecbp \u0111\u1ec3 b\u1ea1n \u0111\u01b0\u1ee3c m\u1ed9t l\u1ea7n l\u1eb7ng nh\u00ecn \u0111\u1ea5ng sinh th\u00e0nh c\u1ee7a m\u00ecnh th\u1eadt k\u1ef9, \u0111\u1ec3 bi\u1ebft r\u1eb1ng, n\u1ebfu b\u1ea1n \u0111au \u0111\u1ea7u ch\u00f3ng m\u1eb7t v\u00e0 m\u1ec7t m\u1ecfi, b\u1ea1n s\u1ebd bi\u1ebft c\u1ea7n ph\u1ea3i l\u00e0m g\u00ec cho cha m\u1eb9.<br \/>\nM\u00e0 h\u1ecd th\u00ec\u2026 H<span class=\"text_exposed_show\">\u1ecd kh\u00f4ng n\u00f3i v\u1edbi b\u1ea1n \u0111\u00e2u, r\u1eb1ng h\u1ecd \u0111ang \u0111au!<br \/>\nC\u00f9ng \u0110\u1ed3ng Nh\u00e2n \u0110\u01b0\u1eddng trao g\u1eedi y\u00eau th\u01b0\u01a1ng, cho ph\u00e9p Sinh Long \u0110\u01b0\u1eddng ch\u00fang t\u00f4i c\u00f9ng b\u1ea1n h\u1ecfi th\u0103m s\u1ee9c kh\u1ecfe c\u1ee7a h\u1ecd !<\/span><\/p>\n<div class=\"text_exposed_show\">\n<p><span class=\"_5mfr\"><span class=\"_6qdm\">?<\/span><\/span><span class=\"_5mfr\"><span class=\"_6qdm\">?<\/span><\/span><span class=\"_5mfr\"><span class=\"_6qdm\">?<\/span><\/span><span class=\"_5mfr\"><span class=\"_6qdm\">?<\/span><\/span><span class=\"_5mfr\"><span class=\"_6qdm\">?<\/span><\/span><span class=\"_5mfr\"><span class=\"_6qdm\">?<\/span><\/span><span class=\"_5mfr\"><span class=\"_6qdm\">?<\/span><\/span><span class=\"_5mfr\"><span class=\"_6qdm\">?<\/span><\/span><span class=\"_5mfr\"><span class=\"_6qdm\">?<\/span><\/span><span class=\"_5mfr\"><span class=\"_6qdm\">?<\/span><\/span><span class=\"_5mfr\"><span class=\"_6qdm\">?<\/span><\/span><span class=\"_5mfr\"><span class=\"_6qdm\">?<\/span><\/span><span class=\"_5mfr\"><span class=\"_6qdm\">?<\/span><\/span><br \/>\nAn Cung Ng\u01b0u Ho\u00e0ng Ho\u00e0n &#8211; C\u1ea5p C\u1ee9u Tai Bi\u1ebfn M\u1ea1ch M\u00e1u N\u00e3o,Lo\u1ea1i B\u1ecf Di Ch\u1ee9ng B\u1ea1i Li\u1ec7t.<br \/>\nNg\u01b0u Ho\u00e0ng Thanh T\u00e2m &#8211; Ph\u00f2ng Ch\u1ed1ng Tai Bi\u1ebfn V\u00e0 \u0110i\u1ec1u Tr\u1ecb Sau Tai Bi\u1ebfn.<\/p>\n<p>\u0110i\u1ec7n Tho\u1ea1i :<br \/>\n<span class=\"_5mfr\"><span class=\"_6qdm\">\u260e\ufe0f<\/span><\/span> 0974 07 04 85<\/p>\n<h2><span id=\"Phan_Biet_That_Gia_An_Cung_Nguu_Hoang_Hoan_Hop_Go_Xanh_Loai_1_Vien_Chinh_Hang\" class=\"ez-toc-section\">Ph\u00e2n Bi\u1ec7t Th\u1eadt Gi\u1ea3 An Cung Ng\u01b0u Ho\u00e0ng Ho\u00e0n H\u1ed9p G\u1ed7 Xanh Lo\u1ea1i 1 Vi\u00ean Ch\u00ednh H\u00e3ng.<\/span><\/h2>\n<p>Nh\u1eadn bi\u1ebft An Cung Ng\u01b0u Ho\u00e0ng Ho\u00e0n H\u1ed9p G\u1ed7 Xanh Lo\u1ea1i 1 Vi\u00ean Ch\u00ednh H\u00e3ng<\/p>\n<p>C\u00f3 kh\u00e1 nhi\u1ec1u \u0111i\u1ec1u c\u1ea7n ch\u00fa \u00fd khi b\u1ea1n t\u00ecm mua s\u1ea3n ph\u1ea9m n\u00e0y, tuy nhi\u00ean b\u1ea1n ch\u1ec9 c\u1ea7n l\u01b0u t\u00e2m c\u00e1c y\u1ebfu t\u1ed1 sau \u0111\u00e2y s\u1ebd d\u1ec5 d\u00e0ng ch\u1ecdn \u0111\u01b0\u1ee3c \u0111\u00fang m\u1eb7t h\u00e0ng c\u1ee7a m\u00ecnh.<\/p>\n<p>Th\u1ee9 nh\u1ea5t: C\u00e1c s\u1ea3n ph\u1ea9m An Cung Ng\u01b0u Ho\u00e0ng Ho\u00e0n H\u1ed9p G\u1ed7 Xanh Lo\u1ea1i 1 Vi\u00ean Ch\u00ednh H\u00e3ng s\u1ebd c\u00f3 m\u1ed9t d\u00e1n tem. Tem n\u00e0y \u0111\u01b0\u1ee3c in h\u00ecnh logo c\u1ee7a th\u01b0\u01a1ng hi\u1ec7u s\u1ea3n xu\u1ea5t ch\u00ecm. N\u1ebfu nh\u00ecn k\u0129 b\u1ea1n s\u1ebd th\u1ea5y ch\u00fang c\u00f3 h\u00ecnh ch\u1eef S, hay vi\u1ebft t\u1eaft c\u1ee7a nh\u00e0 s\u1ea3n xu\u1ea5t. V\u00ec th\u1ebf, b\u1ea1n ch\u1ec9 c\u1ea7n d\u00f9ng m\u1eaft th\u01b0\u1eddng c\u00f3 th\u1ec3 quan s\u00e1t v\u00e0 \u0111\u1eebng b\u1ecf qua chi ti\u1ebft n\u00e0y nh\u00e9.<\/p>\n<p>Th\u1ee9 hai: S\u1ea3n ph\u1ea9m An Cung Ng\u01b0u Ho\u00e0ng Ho\u00e0n H\u1ed9p G\u1ed7 Xanh Lo\u1ea1i 1 Vi\u00ean Ch\u00ednh H\u00e3ng s\u1ebd c\u00f3 d\u00e1n tem m\u00e3 h\u00f3a m\u00e3 v\u1ea1ch. B\u1ea1n ch\u1ec9 c\u1ea7n \u0111\u1ec3 \u00fd c\u00f3 th\u1ec3 th\u1ea5y ngay d\u1ea5u hi\u1ec7u n\u00e0y. Trong khi \u0111\u00f3, c\u00e1c \u0111\u01a1n v\u1ecb l\u00e0m gi\u1ea3 c\u00f3 th\u1ec3 d\u00e1n tem gi\u1ea3 ho\u1eb7c th\u1ee7 thu\u1eadt tinh vi kh\u00e1c khi\u1ebfn ng\u01b0\u1eddi mua nh\u1ea7m l\u1eabn. Nh\u01b0ng n\u1ebfu b\u1ea1n c\u00f3 s\u1eb5n ph\u1ea7n m\u1ec1m PR th\u00ec c\u00f3 th\u1ec3 qu\u00e9t ngay \u0111\u01b0\u1ee3c m\u00e3 v\u1ea1ch c\u1ee7a s\u1ea3n ph\u1ea9m c\u00f3 ch\u00ednh h\u00e3ng hay kh\u00f4ng.<\/p>\n<h2><span id=\"Doi_Tuong_Su_Dung_An_Cung_Nguu_Hoang_Hoan_Hop_Go_Xanh_Loai_1_Vien\" class=\"ez-toc-section\">\u0110\u1ed1i T\u01b0\u1ee3ng S\u1eed D\u1ee5ng An Cung Ng\u01b0u Ho\u00e0ng Ho\u00e0n H\u1ed9p G\u1ed7 Xanh Lo\u1ea1i 1 Vi\u00ean<\/span><\/h2>\n<p>Nh\u01b0 \u0111\u00e3 ph\u00e2n t\u00edch \u1edf tr\u00ean, s\u1ea3n ph\u1ea9m An cung ng\u01b0u ho\u00e0ng ho\u00e0n h\u1ed9p g\u1ed7 xanh lo\u1ea1i 1 vi\u00ean ch\u00ednh h\u00e3ng \u0111\u01b0\u1ee3c r\u1ea5t nhi\u1ec1u l\u1ef1a ch\u1ecdn \u0111\u1ec3 s\u1eed d\u1ee5ng. Th\u1ebf nh\u01b0ng, b\u1ea1n c\u0169ng n\u00ean ch\u00fa \u00fd xem m\u00ecnh c\u00f3 thu\u1ed9c \u0111\u1ed1i t\u01b0\u1ee3ng \u0111\u01b0\u1ee3c c\u00e1c nh\u00e0 khoa h\u1ecdc cho ph\u00e9p s\u1eed d\u1ee5ng hay kh\u00f4ng.<\/p>\n<p>V\u1edbi c\u00e1c \u0111\u1ed1i t\u01b0\u1ee3ng c\u00f3 hi\u1ec7n t\u01b0\u1ee3ng s\u1ed1t cao k\u00e8m co gi\u1eadt, vi\u00eam n\u00e3o k\u00e8m h\u00f4n m\u00ea\u2026 th\u00ec n\u00ean s\u1eed d\u1ee5ng s\u1ea3n ph\u1ea9m n\u00e0y ngay. M\u1ed7i ng\u00e0y b\u1ea1n u\u1ed1ng 1 \u2013 3 vi\u00ean l\u00e0 t\u1ed1i \u0111a.<\/p>\n<p>Tuy nhi\u00ean, c\u00e1c b\u1ec7nh nh\u00e2n b\u1ecb th\u00e2n nhi\u1ec7t th\u1ea5p ho\u1eb7c t\u00ecnh tr\u1ea1ng c\u01a1 th\u1ec3 y\u1ebfu, c\u00e1c ch\u1ec9 s\u1ed1 d\u01b0\u1edbi m\u1ee9c trung b\u00ecnh ho\u1eb7c th\u01b0\u1eddng xuy\u00ean b\u1ecb d\u1ecb \u1ee9ng m\u00e0 v\u1ea5n \u0111\u1ec1 xu\u1ea5t huy\u1ebft n\u00e3o kh\u00f4ng thuy\u00ean gi\u1ea3m th\u00ec kh\u00f4ng n\u00ean s\u1eed d\u1ee5ng ho\u1eb7c ng\u1eebng ngay khi s\u1eed d\u1ee5ng \u0111\u1ec3 b\u00e1o cho b\u00e1c s\u0129.<\/p>\n<p>V\u1edbi lo\u1ea1i thu\u1ed1c n\u00e0y, b\u1ea1n c\u00f3 th\u1ec3 u\u1ed1ng v\u1edbi n\u01b0\u1edbc ho\u1eb7c cho v\u00e0o mi\u1ec7ng nhai\u00a0 m\u1ed9t c\u00e1ch b\u00ecnh th\u01b0\u1eddng.<\/p>\n<h2><span id=\"Mot_Vai_Dieu_Can_Than_Trong_Khi_Su_Dung_An_Cung_Nguu_Hoang_Hoan_Hop_Go_Xanh_Loai_1_Vien\" class=\"ez-toc-section\">M\u1ed9t V\u00e0i \u0110i\u1ec1u C\u1ea7n Th\u1eadn Tr\u1ecdng Khi S\u1eed D\u1ee5ng An Cung Ng\u01b0u Ho\u00e0ng Ho\u00e0n H\u1ed9p G\u1ed7 Xanh Lo\u1ea1i 1 Vi\u00ean<\/span><\/h2>\n<p>B\u00ean c\u1ea1nh nh\u1eefng th\u00f4ng tin ch\u00ednh tr\u00ean, b\u1ea1n c\u1ea7n \u0111i\u1ec3m qua c\u00e1c l\u01b0u \u00fd nh\u00e0 s\u1ea3n xu\u1ea5t \u0111\u01b0a ra.<\/p>\n<p>Tr\u01b0\u1edbc h\u1ebft, khi b\u1ea1n b\u1ecb b\u1ea5t t\u1ec9nh do ki\u1ec7t s\u1ee9c, tr\u00e0n m\u00e1u n\u00e3o, v\u00f9ng m\u1ea1ch ho\u1ea1t \u0111\u1ed9ng y\u1ebfu \u1edbt v\u00e0 ch\u00e2n l\u1ea1nh run, m\u1ea1ch kh\u00f4ng \u0111\u1eadp \u1ed5n \u0111\u1ecbnh th\u00ec b\u1ea1n n\u00ean d\u1eebng thu\u1ed1c.<\/p>\n<p>V\u1edbi ch\u1ecb em ph\u1ee5 n\u1eef mang thai th\u00ec s\u1ea3n ph\u1ea9m n\u00e0y kh\u00f4ng ph\u00f9 h\u1ee3p v\u00ec ch\u00fang c\u00f3 th\u1ec3 g\u00e2y ra s\u1ea3y thai b\u1edfi tinh ch\u1ea5t c\u00f3 trong x\u1ea1 h\u01b0\u01a1ng.<\/p>\n<p>Khi s\u1eed d\u1ee5ng s\u1ea3n ph\u1ea9m An cung ng\u01b0u ho\u00e0ng ho\u00e0n h\u1ed9p g\u1ed7 xanh 1 vi\u00ean ch\u00ednh h\u00e3ng, b\u1ea1n c\u0169ng c\u1ea7n ph\u1ea3i k\u1ebft h\u1ee3p v\u1edbi ch\u1ebf \u0111\u1ed9 ngh\u1ec9 ng\u01a1i \u0111i\u1ec1u \u0111\u1ed9, t\u1eadp th\u1ec3 d\u1ee5c \u0111\u1ec1u m\u1ed7i ng\u00e0y v\u00e0 \u0111i\u1ec1u h\u00f2a ch\u1ebf \u0111\u1ed9 dinh d\u01b0\u1ee1ng nh\u00e9. B\u1ea1n n\u00ean tr\u00e1nh \u0111\u1ed3 b\u00e9o v\u00ec ch\u00fang l\u00e0 nguy\u00ean c\u01a1 c\u00f3 th\u1ec3 g\u00e2y ra \u0111\u1eddm v\u00e0 v\u1ea5n \u0111\u1ec1 n\u1ed9i nhi\u1ec7t b\u1ecb sinh ra nhi\u1ec1u h\u01a1n khi\u1ebfn c\u01a1 th\u1ec3 b\u1ed1c h\u1ecda v\u00e0 kh\u00f3 h\u1ea1n ch\u1ebf \u0111i\u1ec1u tr\u1ecb b\u1ec7nh \u0111ang m\u1eafc ph\u1ea3i.<\/p>\n<p>\u0110\u1eb7c bi\u1ec7t, s\u1ea3n ph\u1ea9m n\u00e0y \u0111\u01b0\u1ee3c khuy\u1ebfn c\u00e1o kh\u00f4ng n\u00ean up d\u1ee5ng cho nh\u1eefng ng\u01b0\u1eddi b\u1ecb th\u00e2n nhi\u1ec7t h\u1ea1 qu\u00e1 \u0111\u1ed9t ng\u1ed9t g\u00e2y ra b\u1ea5t t\u1ec9nh. C\u0169ng nh\u01b0 \u0111\u00f3, nh\u1eefng ng\u01b0\u1eddi c\u00f3 ch\u1ee9c n\u0103ng c\u1ee7a th\u00e2n v\u00e0 gan suy gi\u1ea3m nhi\u1ec1u th\u00ec c\u0169ng kh\u00f4ng qu\u00e1 l\u1ea1m d\u1ee5ng s\u1ea3n ph\u1ea9m n\u00e0y v\u00ec ch\u00fang c\u00f3 h\u00e0m l\u01b0\u1ee3ng H\u00f9ng ho\u00e0ng v\u00e0 Chu sa nhi\u1ec1u.<\/p>\n<\/div>\n","protected":false},"excerpt":{"rendered":"<p><img fetchpriority=\"high\" decoding=\"async\" class=\"alignnone size-medium wp-image-981\" src=\"https:\/\/sinhlongduong.com\/wp-content\/uploads\/2022\/06\/IMAG0479-min-300x400.jpg\" alt=\"\" width=\"300\" height=\"400\" srcset=\"https:\/\/sinhlongduong.com\/wp-content\/uploads\/2022\/06\/IMAG0479-min-300x400.jpg 300w, https:\/\/sinhlongduong.com\/wp-content\/uploads\/2022\/06\/IMAG0479-min-600x800.jpg 600w, https:\/\/sinhlongduong.com\/wp-content\/uploads\/2022\/06\/IMAG0479-min-768x1024.jpg 768w, https:\/\/sinhlongduong.com\/wp-content\/uploads\/2022\/06\/IMAG0479-min-1152x1536.jpg 1152w, https:\/\/sinhlongduong.com\/wp-content\/uploads\/2022\/06\/IMAG0479-min-1536x2048.jpg 1536w, https:\/\/sinhlongduong.com\/wp-content\/uploads\/2022\/06\/IMAG0479-min-510x680.jpg 510w, https:\/\/sinhlongduong.com\/wp-content\/uploads\/2022\/06\/IMAG0479-min-scaled.jpg 1920w\" sizes=\"(max-width: 300px) 100vw, 300px\" \/> <img decoding=\"async\" class=\"alignnone size-medium wp-image-982\" src=\"https:\/\/sinhlongduong.com\/wp-content\/uploads\/2022\/06\/IMAG0481-min-533x400.jpg\" alt=\"\" width=\"533\" height=\"400\" srcset=\"https:\/\/sinhlongduong.com\/wp-content\/uploads\/2022\/06\/IMAG0481-min-533x400.jpg 533w, https:\/\/sinhlongduong.com\/wp-content\/uploads\/2022\/06\/IMAG0481-min-1067x800.jpg 1067w, https:\/\/sinhlongduong.com\/wp-content\/uploads\/2022\/06\/IMAG0481-min-768x576.jpg 768w, https:\/\/sinhlongduong.com\/wp-content\/uploads\/2022\/06\/IMAG0481-min-1536x1152.jpg 1536w, https:\/\/sinhlongduong.com\/wp-content\/uploads\/2022\/06\/IMAG0481-min-2048x1536.jpg 2048w, https:\/\/sinhlongduong.com\/wp-content\/uploads\/2022\/06\/IMAG0481-min-510x383.jpg 510w\" sizes=\"(max-width: 533px) 100vw, 533px\" \/> <img decoding=\"async\" class=\"alignnone size-medium wp-image-983\" src=\"https:\/\/sinhlongduong.com\/wp-content\/uploads\/2022\/06\/IMAG0699-min-300x400.jpg\" alt=\"\" width=\"300\" height=\"400\" srcset=\"https:\/\/sinhlongduong.com\/wp-content\/uploads\/2022\/06\/IMAG0699-min-300x400.jpg 300w, https:\/\/sinhlongduong.com\/wp-content\/uploads\/2022\/06\/IMAG0699-min-600x800.jpg 600w, https:\/\/sinhlongduong.com\/wp-content\/uploads\/2022\/06\/IMAG0699-min-768x1024.jpg 768w, https:\/\/sinhlongduong.com\/wp-content\/uploads\/2022\/06\/IMAG0699-min-1152x1536.jpg 1152w, https:\/\/sinhlongduong.com\/wp-content\/uploads\/2022\/06\/IMAG0699-min-1536x2048.jpg 1536w, https:\/\/sinhlongduong.com\/wp-content\/uploads\/2022\/06\/IMAG0699-min-510x680.jpg 510w, https:\/\/sinhlongduong.com\/wp-content\/uploads\/2022\/06\/IMAG0699-min-scaled.jpg 1920w\" sizes=\"(max-width: 300px) 100vw, 300px\" \/><\/p>\n","protected":false},"featured_media":659,"comment_status":"open","ping_status":"closed","template":"","meta":[],"product_brand":[],"product_cat":[76,127,15,207,90],"product_tag":[223,227,224,226,225],"yst_prominent_words":[],"class_list":{"0":"post-658","1":"product","2":"type-product","3":"status-publish","4":"has-post-thumbnail","6":"product_cat-bai-thuoc","7":"product_cat-bai-thuoc-chua-benh-dau-nua-dau","8":"product_cat-benh","9":"product_cat-dau-dau","10":"product_cat-dau-nua-dau-migraine","11":"product_tag-an-cung","12":"product_tag-an-cung-dong-nhan-duong","13":"product_tag-an-cung-nguu-hoang-hoan","14":"product_tag-thuoc-an-cung","15":"product_tag-thuoc-dot-quy","17":"first","18":"instock","19":"sale","20":"shipping-taxable","21":"purchasable","22":"product-type-simple"},"_links":{"self":[{"href":"https:\/\/sinhlongduong.com\/index.php?rest_route=\/wp\/v2\/product\/658","targetHints":{"allow":["GET"]}}],"collection":[{"href":"https:\/\/sinhlongduong.com\/index.php?rest_route=\/wp\/v2\/product"}],"about":[{"href":"https:\/\/sinhlongduong.com\/index.php?rest_route=\/wp\/v2\/types\/product"}],"replies":[{"embeddable":true,"href":"https:\/\/sinhlongduong.com\/index.php?rest_route=%2Fwp%2Fv2%2Fcomments&post=658"}],"wp:featuredmedia":[{"embeddable":true,"href":"https:\/\/sinhlongduong.com\/index.php?rest_route=\/wp\/v2\/media\/659"}],"wp:attachment":[{"href":"https:\/\/sinhlongduong.com\/index.php?rest_route=%2Fwp%2Fv2%2Fmedia&parent=658"}],"wp:term":[{"taxonomy":"product_brand","embeddable":true,"href":"https:\/\/sinhlongduong.com\/index.php?rest_route=%2Fwp%2Fv2%2Fproduct_brand&post=658"},{"taxonomy":"product_cat","embeddable":true,"href":"https:\/\/sinhlongduong.com\/index.php?rest_route=%2Fwp%2Fv2%2Fproduct_cat&post=658"},{"taxonomy":"product_tag","embeddable":true,"href":"https:\/\/sinhlongduong.com\/index.php?rest_route=%2Fwp%2Fv2%2Fproduct_tag&post=658"},{"taxonomy":"yst_prominent_words","embeddable":true,"href":"https:\/\/sinhlongduong.com\/index.php?rest_route=%2Fwp%2Fv2%2Fyst_prominent_words&post=658"}],"curies":[{"name":"wp","href":"https:\/\/api.w.org\/{rel}","templated":true}]}}