{"id":661,"date":"2022-06-02T09:17:37","date_gmt":"2022-06-02T09:17:37","guid":{"rendered":"https:\/\/sinhlongduong.com\/?post_type=product&#038;p=661"},"modified":"2022-06-13T09:19:28","modified_gmt":"2022-06-13T09:19:28","slug":"bot-da-day-dac-tri-viem-loet-da-day-hanh-ta-trang-giam-nhanh-trieu-chung","status":"publish","type":"product","link":"https:\/\/sinhlongduong.com\/?product=bot-da-day-dac-tri-viem-loet-da-day-hanh-ta-trang-giam-nhanh-trieu-chung","title":{"rendered":"B\u1ed9t d\u1ea1 d\u00e0y (\u0111\u1eb7c tr\u1ecb vi\u00eam lo\u00e9t d\u1ea1 d\u00e0y, h\u00e0nh t\u00e1 tr\u00e0ng, gi\u1ea3m nhanh tri\u1ec7u ch\u1ee9ng)"},"content":{"rendered":"<p style=\"text-align: justify;\"><em><strong><span style=\"font-size: 12pt;\">D\u1ea1 d\u00e0y l\u00e0 b\u1ed9 ph\u1eadn quan tr\u1ecdng trong chuy\u1ec3n h\u00f3a th\u1ee9c \u0103n th\u00e0nh dinh d\u01b0\u1ee1ng \u0111i nu\u00f4i t\u1ebf b\u00e0o c\u1ee7a c\u01a1 th\u1ec3. V\u1eady n\u1ebfu b\u1ea1n g\u1eb7p c\u00e1c v\u1ea5n \u0111\u1ec1 v\u1edbi c\u01a1 quan n\u00e0y th\u00ec m\u1ecdi b\u1ed9 m\u00e1y kh\u00e1c s\u1ebd \u0111\u1ec1u b\u1ecb \u1ea3nh h\u01b0\u1edfng, h\u1ec7 th\u1ed1ng mi\u1ec5n d\u1ecbch k\u00e9m \u0111i v\u00e0 nguy c\u01a1 m\u1eafc nhi\u1ec1u b\u1ec7nh.<\/span><\/strong><\/em><\/p>\n<p style=\"text-align: justify;\"><span style=\"color: #993300; font-size: 12pt;\"><strong>TH\u00c0NH PH\u1ea6N<\/strong><\/span><\/p>\n<p style=\"text-align: justify;\"><span style=\"font-size: 12pt;\">H\u01b0\u01a1ng ph\u1ee5&#8230;&#8230;&#8230;&#8230;&#8230;&#8230;&#8230;&#8230;&#8230;&#8230;&#8230;&#8230;&#8230;&#8230;&#8230;&#8230;&#8230;&#8230;mg<\/span><\/p>\n<p style=\"text-align: justify;\"><span style=\"font-size: 12pt;\">Tr\u1ea7n b\u00ec&#8230;&#8230;&#8230;&#8230;&#8230;&#8230;&#8230;&#8230;&#8230;&#8230;&#8230;&#8230;&#8230;&#8230;&#8230;&#8230;&#8230;&#8230;&#8230;&#8230;.mg<\/span><\/p>\n<p style=\"text-align: justify;\"><span style=\"font-size: 12pt;\">Huy\u1ec1n h\u1ed3&#8230;&#8230;&#8230;&#8230;&#8230;&#8230;&#8230;&#8230;&#8230;&#8230;&#8230;&#8230;&#8230;&#8230;&#8230;&#8230;&#8230;&#8230;&#8230;mg<\/span><\/p>\n<p style=\"text-align: justify;\"><span style=\"font-size: 12pt;\">Ch\u00e8 d\u00e2y&#8230;&#8230;&#8230;&#8230;&#8230;&#8230;&#8230;&#8230;&#8230;&#8230;&#8230;&#8230;&#8230;&#8230;&#8230;&#8230;&#8230;&#8230;&#8230;..mg<\/span><\/p>\n<p style=\"text-align: justify;\"><span style=\"font-size: 12pt;\">Kh\u1ed5 s\u00e2m&#8230;&#8230;&#8230;&#8230;&#8230;&#8230;&#8230;&#8230;&#8230;&#8230;&#8230;&#8230;&#8230;&#8230;&#8230;&#8230;&#8230;&#8230;&#8230;.mg<\/span><\/p>\n<p style=\"text-align: justify;\"><span style=\"font-size: 12pt;\">L\u00e1 kh\u00f4i&#8230;&#8230;&#8230;&#8230;&#8230;&#8230;&#8230;&#8230;&#8230;&#8230;&#8230;&#8230;&#8230;&#8230;&#8230;&#8230;&#8230;&#8230;&#8230;&#8230;.mg<\/span><\/p>\n<p style=\"text-align: justify;\"><span style=\"font-size: 12pt;\">\u00d4 t\u1eb7c c\u1ed1t&#8230;&#8230;&#8230;&#8230;&#8230;&#8230;&#8230;&#8230;&#8230;&#8230;&#8230;&#8230;&#8230;&#8230;&#8230;&#8230;&#8230;&#8230;&#8230;.mg<\/span><\/p>\n<p style=\"text-align: justify;\"><span style=\"font-size: 12pt;\">K\u1ebft h\u1ee3p th\u00eam 3 v\u1ecb thu\u1ed1c nam b\u00ed truy\u1ec1n.<\/span><\/p>\n<p style=\"text-align: justify;\"><span style=\"color: #993300; font-size: 12pt;\"><strong>C\u00d4NG D\u1ee4NG<\/strong><\/span><\/p>\n<p style=\"text-align: justify;\"><span style=\"font-size: 12pt;\">\u0110\u1eb7c tr\u1ecb vi\u00eam lo\u00e9t d\u1ea1 d\u00e0y, h\u00e0nh t\u00e1 tr\u00e0ng c\u1ea5p v\u00e0 m\u00e3n t\u00ednh, vi\u00eam xung huy\u1ebft d\u1ea1 d\u00e0y, \u1ee3 h\u01a1i, \u1ee3 chua, no c\u0169ng \u0111au, \u0111\u00f3i c\u0169ng \u0111au.<\/span><\/p>\n<p style=\"text-align: justify;\"><span style=\"color: #993300; font-size: 12pt;\"><strong>\u0110\u1ed0I T\u01af\u1ee2NG S\u1eec D\u1ee4NG<\/strong><\/span><\/p>\n<p style=\"text-align: justify;\"><span style=\"font-size: 12pt;\">Nh\u1eefng ng\u01b0\u1eddi g\u1eb7p v\u1ea5n \u0111\u1ec1 v\u1ec1 d\u1ea1 d\u00e0y, \u0111au d\u1ea1 d\u00e0y, vi\u00eam lo\u00e9t d\u1ea1 d\u00e0y, th\u01b0\u1eddng xuy\u00ean \u1ee3 h\u01a1i, \u1ee3 chua, tr\u00e0o ng\u01b0\u1ee3c d\u1ea1 d\u00e0y, \u0111au v\u00f9ng th\u01b0\u1ee3ng v\u1ecb, trung qu\u1ea3n c\u00f3 c\u1ea3m gi\u00e1c c\u1ed3n c\u00e0o, \u0111\u00f3i nh\u1ed9n nh\u1ea1o..<\/span><\/p>\n<p style=\"text-align: justify;\"><span style=\"color: #993300; font-size: 12pt;\"><strong>C\u00c1CH S\u1eec D\u1ee4NG<\/strong><\/span><\/p>\n<p style=\"text-align: justify;\"><span style=\"font-size: 12pt;\">Ng\u00e0y d\u00f9ng 2 l\u1ea7n. M\u1ed7i l\u1ea7n l\u1ea5y 1 g\u00f3i h\u00f2a v\u1edbi 100ml n\u01b0\u1edbc r\u1ed3i u\u1ed1ng. C\u00f3 th\u1ec3 tr\u1ed9n v\u1edbi m\u1eadt ong th\u00e0nh d\u1ea1ng s\u1ec7t v\u00e0 \u0103n.<\/span><\/p>\n<p style=\"text-align: justify;\"><span style=\"font-size: 12pt;\">+ Sau \u0103n s\u00e1ng 1 ti\u1ebfng<\/span><\/p>\n<p style=\"text-align: justify;\"><span style=\"font-size: 12pt;\">+ Sau \u0103n t\u1ed1i 2 ti\u1ebfng (21 gi\u1edd)<\/span><\/p>\n<p style=\"text-align: justify;\"><span style=\"font-size: 12pt;\"><em><strong><span style=\"color: #ff0000;\">L\u01b0u \u00fd<\/span>: H\u00e3y li\u00ean h\u1ec7 ph\u00f2ng kh\u00e1m Sinh Long \u0110\u01b0\u1eddng \u0111\u1ec3 \u0111\u01b0\u1ee3c t\u01b0 v\u1ea5n k\u1ef9 h\u01a1n n\u1ebfu ch\u01b0a r\u00f5 v\u1ec1 t\u00ecnh tr\u1ea1ng b\u1ec7nh l\u00fd c\u1ee7a b\u1ea3n th\u00e2n.<\/strong><\/em><\/span><\/p>\n","protected":false},"excerpt":{"rendered":"<p><img fetchpriority=\"high\" decoding=\"async\" class=\"alignnone size-full wp-image-598\" src=\"https:\/\/sinhlongduong.com\/wp-content\/uploads\/2022\/06\/bot-da-day.jpg\" alt=\"\" width=\"600\" height=\"400\" srcset=\"https:\/\/sinhlongduong.com\/wp-content\/uploads\/2022\/06\/bot-da-day.jpg 600w, https:\/\/sinhlongduong.com\/wp-content\/uploads\/2022\/06\/bot-da-day-510x340.jpg 510w\" sizes=\"(max-width: 600px) 100vw, 600px\" \/><\/p>\n","protected":false},"featured_media":662,"comment_status":"open","ping_status":"closed","template":"","meta":[],"product_brand":[],"product_cat":[15,175],"product_tag":[180,179,178,181,182],"yst_prominent_words":[],"class_list":{"0":"post-661","1":"product","2":"type-product","3":"status-publish","4":"has-post-thumbnail","6":"product_cat-benh","7":"product_cat-benh-da-day","8":"product_tag-benh-da-day","9":"product_tag-bot-da-day","10":"product_tag-da-day","11":"product_tag-dau-da-day","12":"product_tag-ta-trang","14":"first","15":"instock","16":"sale","17":"shipping-taxable","18":"purchasable","19":"product-type-simple"},"_links":{"self":[{"href":"https:\/\/sinhlongduong.com\/index.php?rest_route=\/wp\/v2\/product\/661","targetHints":{"allow":["GET"]}}],"collection":[{"href":"https:\/\/sinhlongduong.com\/index.php?rest_route=\/wp\/v2\/product"}],"about":[{"href":"https:\/\/sinhlongduong.com\/index.php?rest_route=\/wp\/v2\/types\/product"}],"replies":[{"embeddable":true,"href":"https:\/\/sinhlongduong.com\/index.php?rest_route=%2Fwp%2Fv2%2Fcomments&post=661"}],"wp:featuredmedia":[{"embeddable":true,"href":"https:\/\/sinhlongduong.com\/index.php?rest_route=\/wp\/v2\/media\/662"}],"wp:attachment":[{"href":"https:\/\/sinhlongduong.com\/index.php?rest_route=%2Fwp%2Fv2%2Fmedia&parent=661"}],"wp:term":[{"taxonomy":"product_brand","embeddable":true,"href":"https:\/\/sinhlongduong.com\/index.php?rest_route=%2Fwp%2Fv2%2Fproduct_brand&post=661"},{"taxonomy":"product_cat","embeddable":true,"href":"https:\/\/sinhlongduong.com\/index.php?rest_route=%2Fwp%2Fv2%2Fproduct_cat&post=661"},{"taxonomy":"product_tag","embeddable":true,"href":"https:\/\/sinhlongduong.com\/index.php?rest_route=%2Fwp%2Fv2%2Fproduct_tag&post=661"},{"taxonomy":"yst_prominent_words","embeddable":true,"href":"https:\/\/sinhlongduong.com\/index.php?rest_route=%2Fwp%2Fv2%2Fyst_prominent_words&post=661"}],"curies":[{"name":"wp","href":"https:\/\/api.w.org\/{rel}","templated":true}]}}