{"id":675,"date":"2022-06-02T09:34:02","date_gmt":"2022-06-02T09:34:02","guid":{"rendered":"https:\/\/sinhlongduong.com\/?post_type=product&#038;p=675"},"modified":"2025-01-09T08:46:18","modified_gmt":"2025-01-09T01:46:18","slug":"thuoc-ngam-chan-thong-kinh-lac-hoat-huyet-hoat-u","status":"publish","type":"product","link":"https:\/\/sinhlongduong.com\/?product=thuoc-ngam-chan-thong-kinh-lac-hoat-huyet-hoat-u","title":{"rendered":"Thu\u1ed1c ng\u00e2m ch\u00e2n (Th\u00f4ng kinh l\u1ea1c, ho\u1ea1t huy\u1ebft, ho\u1ea1t \u1ee9)"},"content":{"rendered":"<p style=\"text-align: justify;\"><span style=\"font-size: 12pt; color: #993300;\"><strong>TH\u00c0NH PH\u1ea6N<\/strong><\/span><\/p>\n<p><iframe title=\"ng\u00e2m ch\u00e2n th\u1ea3o d\u01b0\u1ee3c: thu\u1ed1c ng\u00e2n ch\u00e2n, b\u1ed9t ng\u00e2n ch\u00e2n\" width=\"1020\" height=\"574\" src=\"https:\/\/www.youtube.com\/embed\/jDpnmrfgwmY?feature=oembed\" frameborder=\"0\" allow=\"accelerometer; autoplay; clipboard-write; encrypted-media; gyroscope; picture-in-picture\" allowfullscreen><\/iframe><\/p>\n<p style=\"text-align: justify;\"><span style=\"font-weight: 400; font-size: 12pt;\">Thi\u00ean ni\u00ean ki\u1ec7n&#8230;&#8230;&#8230;&#8230;&#8230;&#8230;&#8230;&#8230;&#8230;&#8230;&#8230;&#8230;&#8230;&#8230;&#8230;&#8230;&#8230;mg\u00a0 \u00a0<\/span><\/p>\n<p style=\"text-align: justify;\"><span style=\"font-weight: 400; font-size: 12pt;\">Ph\u00f2ng phong&#8230;&#8230;&#8230;&#8230;&#8230;&#8230;&#8230;&#8230;&#8230;&#8230;&#8230;&#8230;&#8230;&#8230;&#8230;&#8230;&#8230;&#8230;mg<\/span><\/p>\n<p style=\"text-align: justify;\"><span style=\"font-weight: 400; font-size: 12pt;\">Huy\u1ebft gi\u00e1c&#8230;&#8230;&#8230;&#8230;&#8230;&#8230;&#8230;&#8230;&#8230;&#8230;&#8230;&#8230;&#8230;&#8230;&#8230;&#8230;&#8230;&#8230;&#8230;..mg<\/span><\/p>\n<p style=\"text-align: justify;\"><span style=\"font-weight: 400; font-size: 12pt;\">Qu\u1ebf chi&#8230;&#8230;&#8230;&#8230;&#8230;&#8230;&#8230;&#8230;&#8230;&#8230;&#8230;&#8230;&#8230;&#8230;&#8230;&#8230;&#8230;&#8230;&#8230;&#8230;&#8230;mg<\/span><\/p>\n<p style=\"text-align: justify;\"><span style=\"font-weight: 400; font-size: 12pt;\">\u0110\u1ea1i h\u1ed3i&#8230;&#8230;&#8230;&#8230;&#8230;&#8230;&#8230;&#8230;&#8230;&#8230;&#8230;&#8230;&#8230;&#8230;&#8230;&#8230;&#8230;&#8230;&#8230;&#8230;&#8230;.mg<\/span><\/p>\n<p style=\"text-align: justify;\"><span style=\"font-weight: 400; font-size: 12pt;\">Ti\u1ec3u h\u1ed3i&#8230;&#8230;&#8230;&#8230;&#8230;&#8230;&#8230;&#8230;&#8230;&#8230;&#8230;&#8230;&#8230;&#8230;&#8230;&#8230;&#8230;&#8230;&#8230;&#8230;&#8230;mg<\/span><\/p>\n<p style=\"text-align: justify;\"><span style=\"font-weight: 400; font-size: 12pt;\">Long n\u00e3o&#8230;&#8230;&#8230;&#8230;&#8230;&#8230;&#8230;&#8230;&#8230;&#8230;&#8230;&#8230;&#8230;&#8230;&#8230;&#8230;&#8230;&#8230;&#8230;&#8230;.mg<\/span><\/p>\n<p style=\"text-align: justify;\"><span style=\"font-weight: 400; font-size: 12pt;\">\u0110\u1ecba li\u1ec1n&#8230;&#8230;&#8230;&#8230;&#8230;&#8230;&#8230;&#8230;&#8230;&#8230;&#8230;&#8230;&#8230;&#8230;&#8230;&#8230;&#8230;&#8230;&#8230;&#8230;&#8230;.mg<\/span><\/p>\n<p style=\"text-align: justify;\"><span style=\"font-weight: 400; font-size: 12pt;\">\u0110inh h\u01b0\u01a1ng&#8230;&#8230;&#8230;&#8230;&#8230;&#8230;&#8230;&#8230;&#8230;&#8230;&#8230;&#8230;&#8230;&#8230;&#8230;&#8230;&#8230;&#8230;..mg<\/span><\/p>\n<p style=\"text-align: justify;\"><span style=\"font-weight: 400; font-size: 12pt;\">Th\u01b0\u01a1ng tru\u1eadt&#8230;&#8230;&#8230;&#8230;&#8230;&#8230;&#8230;&#8230;&#8230;&#8230;&#8230;&#8230;&#8230;&#8230;&#8230;&#8230;&#8230;&#8230;mg<\/span><\/p>\n<p style=\"text-align: justify;\"><span style=\"font-weight: 400; font-size: 12pt;\">M\u1ed9c qua&#8230;&#8230;&#8230;&#8230;&#8230;&#8230;&#8230;&#8230;&#8230;&#8230;&#8230;&#8230;&#8230;&#8230;&#8230;&#8230;&#8230;&#8230;&#8230;&#8230;..mg<\/span><\/p>\n<p style=\"text-align: justify;\"><span style=\"font-weight: 400; font-size: 12pt;\">L\u00e1 l\u1ed1t&#8230;&#8230;&#8230;&#8230;&#8230;&#8230;&#8230;&#8230;&#8230;&#8230;&#8230;&#8230;&#8230;&#8230;&#8230;&#8230;&#8230;&#8230;&#8230;&#8230;&#8230;&#8230;mg<\/span><\/p>\n<p style=\"text-align: justify;\"><span style=\"font-size: 12pt; color: #993300;\"><strong>C\u00d4NG D\u1ee4NG<\/strong><\/span><\/p>\n<p style=\"text-align: justify;\"><span style=\"font-weight: 400; font-size: 12pt;\">+ Th\u00f4ng kinh l\u1ea1c, ho\u1ea1t huy\u1ebft, ho\u1ea1t \u1ee9.<\/span><\/p>\n<p style=\"text-align: justify;\"><span style=\"font-weight: 400; font-size: 12pt;\">+ Ch\u1eefa \u0111au nh\u1ee9c x\u01b0\u01a1ng kh\u1edbp, phong t\u00ea th\u1ea5p<\/span><\/p>\n<p style=\"text-align: justify;\"><span style=\"font-weight: 400; font-size: 12pt;\">+ Ch\u1ed1ng t\u00ea nh\u1ee9c, m\u1ec7t m\u1ecfi b\u00e0n ch\u00e2n, \u0111\u1ea7u g\u1ed1i, tay ch\u00e2n l\u1ea1nh, ra m\u1ed3 h\u00f4i<\/span><\/p>\n<p style=\"text-align: justify;\"><span style=\"font-weight: 400; font-size: 12pt;\">+ Kh\u1eed m\u00f9i h\u00f4i hi\u1ec7u qu\u1ea3<\/span><\/p>\n<p style=\"text-align: justify;\"><span style=\"font-weight: 400; font-size: 12pt;\">+ Gi\u00fap t\u1ea1o gi\u1ea5c ng\u1ee7 ngon, ng\u1ee7 s\u00e2u, s\u1ea3ng kho\u00e1i.<\/span><\/p>\n<p style=\"text-align: justify;\"><span style=\"font-size: 12pt; color: #993300;\"><strong>\u0110\u1ed0I T\u01af\u1ee2NG S\u1eec D\u1ee4NG <\/strong><\/span><\/p>\n<p style=\"text-align: justify;\"><span style=\"font-weight: 400; font-size: 12pt;\">D\u00f9ng cho m\u1ecdi \u0111\u1ed1i t\u01b0\u1ee3ng \u0111\u1eb7c bi\u1ec7t nh\u1eefng ng\u01b0\u1eddi g\u1eb7p v\u1ea5n \u0111\u1ec1 v\u1ec1 x\u01b0\u01a1ng kh\u1edbp, kh\u00f3 ng\u1ee7, m\u1ec7t m\u1ecfi.<\/span><\/p>\n<p style=\"text-align: justify;\"><span style=\"font-size: 12pt; color: #993300;\"><strong>H\u01af\u1edaNG D\u1eaaN S\u1eec D\u1ee4NG<\/strong><\/span><\/p>\n<p style=\"text-align: justify;\"><span style=\"font-weight: 400; font-size: 12pt;\">&#8211; Pha b\u1ed9t v\u1edbi 1lit n\u01b0\u1edbc s\u00f4i r\u1ed3i \u0111\u1ec3 ngu\u1ed9i v\u1ec1 40 \u0111\u1ed9 C, c\u00f2n \u1ea5m th\u00ec ng\u00e2m ch\u00e2n 20 &#8211; 30 ph\u00fat v\u00e0o bu\u1ed5i t\u1ed1i h\u1eb1ng ng\u00e0y tr\u01b0\u1edbc khi \u0111i ng\u1ee7.<\/span><\/p>\n<p style=\"text-align: justify;\"><span style=\"font-size: 12pt;\"><strong><em><span style=\"color: #ff0000;\">L\u01b0u \u00fd<\/span>: <\/em><\/strong><em><span style=\"font-weight: 400;\">\u0110\u1ec3 t\u0103ng hi\u1ec7u qu\u1ea3 tr\u1ecb li\u1ec7u h\u00e3y th\u00eam n\u01b0\u1edbc s\u00f4i \u0111\u1ec3 duy tr\u00ec nhi\u1ec7t \u0111\u1ed9, th\u1ef1c hi\u1ec7n massage b\u00e0n ch\u00e2n khi ng\u00e2m, kh\u00f4ng ng\u00e2m v\u1edbi n\u01b0\u1edbc l\u1ea1nh, c\u1ea7n th\u1ef1c hi\u1ec7n \u0111\u1ec1u \u0111\u1eb7n m\u1ed7i ng\u00e0y.<\/span><\/em><\/span><\/p>\n","protected":false},"excerpt":{"rendered":"<p><img fetchpriority=\"high\" decoding=\"async\" class=\"alignnone size-medium wp-image-994\" src=\"https:\/\/sinhlongduong.com\/wp-content\/uploads\/2022\/06\/4c3a725fe3f123af7ae0-225x400.jpg\" alt=\"\" width=\"225\" height=\"400\" srcset=\"https:\/\/sinhlongduong.com\/wp-content\/uploads\/2022\/06\/4c3a725fe3f123af7ae0-225x400.jpg 225w, https:\/\/sinhlongduong.com\/wp-content\/uploads\/2022\/06\/4c3a725fe3f123af7ae0-450x800.jpg 450w, https:\/\/sinhlongduong.com\/wp-content\/uploads\/2022\/06\/4c3a725fe3f123af7ae0-510x907.jpg 510w, https:\/\/sinhlongduong.com\/wp-content\/uploads\/2022\/06\/4c3a725fe3f123af7ae0.jpg 720w\" sizes=\"(max-width: 225px) 100vw, 225px\" \/> <img decoding=\"async\" class=\"alignnone size-medium wp-image-995\" src=\"https:\/\/sinhlongduong.com\/wp-content\/uploads\/2022\/06\/a38c04ed9543551d0c52-225x400.jpg\" alt=\"\" width=\"225\" height=\"400\" srcset=\"https:\/\/sinhlongduong.com\/wp-content\/uploads\/2022\/06\/a38c04ed9543551d0c52-225x400.jpg 225w, https:\/\/sinhlongduong.com\/wp-content\/uploads\/2022\/06\/a38c04ed9543551d0c52-450x800.jpg 450w, https:\/\/sinhlongduong.com\/wp-content\/uploads\/2022\/06\/a38c04ed9543551d0c52-510x907.jpg 510w, https:\/\/sinhlongduong.com\/wp-content\/uploads\/2022\/06\/a38c04ed9543551d0c52.jpg 720w\" sizes=\"(max-width: 225px) 100vw, 225px\" \/> <img decoding=\"async\" class=\"alignnone size-medium wp-image-996\" src=\"https:\/\/sinhlongduong.com\/wp-content\/uploads\/2022\/06\/a778a11c30b2f0eca9a3-225x400.jpg\" alt=\"\" width=\"225\" height=\"400\" srcset=\"https:\/\/sinhlongduong.com\/wp-content\/uploads\/2022\/06\/a778a11c30b2f0eca9a3-225x400.jpg 225w, https:\/\/sinhlongduong.com\/wp-content\/uploads\/2022\/06\/a778a11c30b2f0eca9a3-450x800.jpg 450w, https:\/\/sinhlongduong.com\/wp-content\/uploads\/2022\/06\/a778a11c30b2f0eca9a3-510x907.jpg 510w, https:\/\/sinhlongduong.com\/wp-content\/uploads\/2022\/06\/a778a11c30b2f0eca9a3.jpg 720w\" sizes=\"(max-width: 225px) 100vw, 225px\" \/><\/p>\n","protected":false},"featured_media":676,"comment_status":"open","ping_status":"closed","template":"","meta":[],"product_brand":[],"product_cat":[15,84,83,82,81,80,79],"product_tag":[197,238,240,239,196],"yst_prominent_words":[],"class_list":{"0":"post-675","1":"product","2":"type-product","3":"status-publish","4":"has-post-thumbnail","6":"product_cat-benh","7":"product_cat-gay-xuong","8":"product_cat-thap-khop","9":"product_cat-thoai-hoa-cot-song","10":"product_cat-thoai-hoa-khop","11":"product_cat-thoat-vi-dia-dem","12":"product_cat-xuong-khop","13":"product_tag-bot-ngam-chan","14":"product_tag-ngam-chan","15":"product_tag-thao-duoc-ngam-chan","16":"product_tag-thao-moc-ngam-chan","17":"product_tag-thuoc-ngam-chan","19":"first","20":"instock","21":"sale","22":"shipping-taxable","23":"purchasable","24":"product-type-simple"},"_links":{"self":[{"href":"https:\/\/sinhlongduong.com\/index.php?rest_route=\/wp\/v2\/product\/675","targetHints":{"allow":["GET"]}}],"collection":[{"href":"https:\/\/sinhlongduong.com\/index.php?rest_route=\/wp\/v2\/product"}],"about":[{"href":"https:\/\/sinhlongduong.com\/index.php?rest_route=\/wp\/v2\/types\/product"}],"replies":[{"embeddable":true,"href":"https:\/\/sinhlongduong.com\/index.php?rest_route=%2Fwp%2Fv2%2Fcomments&post=675"}],"wp:featuredmedia":[{"embeddable":true,"href":"https:\/\/sinhlongduong.com\/index.php?rest_route=\/wp\/v2\/media\/676"}],"wp:attachment":[{"href":"https:\/\/sinhlongduong.com\/index.php?rest_route=%2Fwp%2Fv2%2Fmedia&parent=675"}],"wp:term":[{"taxonomy":"product_brand","embeddable":true,"href":"https:\/\/sinhlongduong.com\/index.php?rest_route=%2Fwp%2Fv2%2Fproduct_brand&post=675"},{"taxonomy":"product_cat","embeddable":true,"href":"https:\/\/sinhlongduong.com\/index.php?rest_route=%2Fwp%2Fv2%2Fproduct_cat&post=675"},{"taxonomy":"product_tag","embeddable":true,"href":"https:\/\/sinhlongduong.com\/index.php?rest_route=%2Fwp%2Fv2%2Fproduct_tag&post=675"},{"taxonomy":"yst_prominent_words","embeddable":true,"href":"https:\/\/sinhlongduong.com\/index.php?rest_route=%2Fwp%2Fv2%2Fyst_prominent_words&post=675"}],"curies":[{"name":"wp","href":"https:\/\/api.w.org\/{rel}","templated":true}]}}