{"id":977,"date":"2022-06-12T14:16:39","date_gmt":"2022-06-12T14:16:39","guid":{"rendered":"https:\/\/sinhlongduong.com\/?post_type=product&#038;p=977"},"modified":"2025-01-09T08:46:24","modified_gmt":"2025-01-09T01:46:24","slug":"happy-times-2","status":"publish","type":"product","link":"https:\/\/sinhlongduong.com\/?product=happy-times-2","title":{"rendered":"HAPPY TIMES"},"content":{"rendered":"<p><strong>Ta\u0301c du\u0323ng;<\/strong><\/p>\n<p>Sa\u0309n ph\u00e2\u0309m \u0111\u0103\u0323c tr\u01b0ng b\u01a1\u0309i mu\u0300i h\u01b0\u01a1ng t\u1ef1 nhi\u00ean c\u1ee7a c\u00e1c v\u1ecb thu\u1ed1c nam<\/p>\n<ul>\n<li>Ke\u0301o da\u0300i s\u01b0 c\u01b0\u01a1ng c\u1ee9ng<\/li>\n<li>Gia\u0309i quy\u00ea\u0301t ti\u0300nh tra\u0323ng xu\u00e2\u0301t tinh s\u01a1\u0301m<\/li>\n<li>Ki\u0301ch thi\u0301ch d\u01b0\u01a1ng v\u00e2\u0323t c\u01b0\u01a1ng c\u01b0\u0301ng nhanh cho\u0301ng<\/li>\n<li>H\u00f4\u0303 tr\u01a1\u0323 \u0111i\u00ea\u0300u tri\u0323 ca\u0301c\u00a0<a href=\"https:\/\/bvdkbl.vn\/yeu-sinh-ly-29.html\">tri\u00ea\u0323u ch\u01b0\u0301ng y\u00ea\u0301u sinh ly\u0301<\/a><\/li>\n<li>Ke\u0301o da\u0300i th\u01a1\u0300i gian quan h\u00ea\u0323 \u0111\u00ea\u0301n h\u01a1n 20 phu\u0301t<\/li>\n<\/ul>\n<p><strong>Thu\u1ed1c x\u1ecbt <\/strong><strong>( B\u00f4i) Happy Times<\/strong><\/p>\n<p>Happy Times la\u0300 loa\u0323i thu\u00f4\u0301c xi\u0323t ( b\u00f4i) ch\u00f4\u0301ng xu\u00e2\u0301t tinh s\u01a1\u0301m c\u1ee7a ph\u00f2ng kh\u00e1m \u0110\u00f4ng Y Sinh Long \u0110\u01b0\u1eddng v\u01a1\u0301i ca\u0301c chi\u00ea\u0301t xu\u00e2\u0301t hoa\u0300n toa\u0300n t\u01b0\u0323 nhi\u00ean n\u00ean co\u0301 \u0111\u00f4\u0323 an toa\u0300n r\u00e2\u0301t cao. Sa\u0309n ph\u00e2\u0309m co\u0301 da\u0323ng nho\u0309 go\u0323n tinh t\u00ea\u0301, r\u00e2\u0301t h\u01b0\u0303u i\u0301ch \u0111\u00ea\u0309 ca\u0301c quy\u0301 \u00f4ng co\u0301 th\u00ea\u0309 bo\u0309 tu\u0301i va\u0300 \u0111em theo s\u01b0\u0309 du\u0323ng b\u00e2\u0301t c\u01b0\u0301 lu\u0301c na\u0300o c\u00e2\u0300n thi\u00ea\u0301t.<\/p>\n<p>Tha\u0300nh ph\u00e2\u0300n<\/p>\n<ul>\n<li>X\u00e0 x\u00e0ng t\u1eed: \u0110\u1ed1i v\u1edbi h\u1ec7 th\u1ea7n kinh: Gi\u1ea3m \u0111au, g\u00e2y t\u00ea c\u1ee5c b\u1ed9, c\u1ea3i thi\u1ec7n ch\u1ee9c n\u0103ng n\u00e3o, t\u0103ng tr\u00ed nh\u1edb. C\u00f4ng d\u1ee5ng: C\u01b0\u01a1ng d\u01b0\u01a1ng, \u00edch th\u1eadn t\u1eed phong t\u00e1o th\u1ea5p.<\/li>\n<li>\u0110inh t\u1eed h\u01b0\u01a1ng: C\u00f4ng n\u0103ng: L\u00e0m \u1ea5m t\u1ef3 v\u00e0 v\u1ecb v\u00e0 l\u00e0m \u1ea5m th\u1eadn v\u00e0 b\u1ed5 d\u01b0\u01a1ng.<\/li>\n<li>Kim b\u1ed3n th\u1ea3o: T\u00ednh v\u1ecb: Cay, \u1ea5m Qui kinh: T\u00e2m, Ph\u1ebf, Th\u1eadn.<\/li>\n<\/ul>\n<p>Gi\u1ea3m \u0111au: thu\u1ed1c c\u00f3 t\u00e1c d\u1ee5ng g\u00e2y t\u00ea t\u1ea1i ch\u1ed7.<\/p>\n<ul>\n<li>V\u00e0 3 v\u1ecb thu\u1ed1c nam kh\u00e1c.<\/li>\n<\/ul>\n<p>Ca\u0301ch du\u0300ng<\/p>\n<ul>\n<li>La\u0300m sa\u0323ch d\u01b0\u01a1ng v\u00e2\u0323t<\/li>\n<li>Xi\u0323t ( b\u00f4i) thu\u00f4\u0301c va\u0300o d\u01b0\u01a1ng v\u00e2\u0323t t\u01b0\u0300 2- 3 gi\u1ecdt<\/li>\n<li>\u0110\u01a1\u0323i khoa\u0309ng 5- 7 phu\u0301t cho kh\u00f4 d\u01b0\u01a1ng v\u00e2\u0323t la\u0300 co\u0301 th\u00ea\u0309 b\u0103\u0301t \u0111\u00e2\u0300u cu\u00f4\u0323c y\u00eau<\/li>\n<li>Chu\u0301 y\u0301 kh\u00f4ng s\u01b0\u0309 du\u0323ng qua\u0301 3 l\u00e2\u0300n m\u00f4\u0323t nga\u0300y<\/li>\n<\/ul>\n<p><img fetchpriority=\"high\" decoding=\"async\" class=\"alignnone size-full wp-image-5075\" src=\"https:\/\/sinhlongduong.com\/wp-content\/uploads\/2022\/06\/boi-dv.png\" alt=\"\" width=\"580\" height=\"331\" srcset=\"https:\/\/sinhlongduong.com\/wp-content\/uploads\/2022\/06\/boi-dv.png 580w, https:\/\/sinhlongduong.com\/wp-content\/uploads\/2022\/06\/boi-dv-510x291.png 510w\" sizes=\"(max-width: 580px) 100vw, 580px\" \/> <img decoding=\"async\" class=\"alignnone size-full wp-image-5074\" src=\"https:\/\/sinhlongduong.com\/wp-content\/uploads\/2022\/06\/boi.png\" alt=\"\" width=\"423\" height=\"261\" \/><\/p>\n<p><strong>Ch\u00f4\u0301ng chi\u0309 \u0111i\u0323nh<\/strong><\/p>\n<ul>\n<li>Ng\u01b0\u01a1\u0300i m\u00e2\u0303n ca\u0309m v\u01a1\u0301i v\u1edbi b\u1ea5t c\u1ee9 th\u00e0nh ph\u1ea7n n\u00e0o trong thu\u1ed1c<\/li>\n<li>Ng\u01b0\u01a1\u0300i d\u01b0\u01a1\u0301i 18 tu\u00f4\u0309i<\/li>\n<li>Phu\u0323 n\u01b0\u0303<\/li>\n<li>Ng\u01b0\u01a1\u0300i \u0111ang co\u0301 v\u00ea\u0301t tr\u00e2\u0300y x\u01b0\u01a1\u0301c ta\u0323i d\u01b0\u01a1ng v\u00e2\u0323t<\/li>\n<\/ul>\n","protected":false},"excerpt":{"rendered":"<p><img decoding=\"async\" class=\"alignnone size-medium wp-image-978\" src=\"https:\/\/sinhlongduong.com\/wp-content\/uploads\/2022\/06\/IMG_1413-711x400.jpg\" alt=\"\" width=\"711\" height=\"400\" srcset=\"https:\/\/sinhlongduong.com\/wp-content\/uploads\/2022\/06\/IMG_1413-711x400.jpg 711w, https:\/\/sinhlongduong.com\/wp-content\/uploads\/2022\/06\/IMG_1413-1400x788.jpg 1400w, https:\/\/sinhlongduong.com\/wp-content\/uploads\/2022\/06\/IMG_1413-768x432.jpg 768w, https:\/\/sinhlongduong.com\/wp-content\/uploads\/2022\/06\/IMG_1413-1536x865.jpg 1536w, https:\/\/sinhlongduong.com\/wp-content\/uploads\/2022\/06\/IMG_1413-2048x1153.jpg 2048w, https:\/\/sinhlongduong.com\/wp-content\/uploads\/2022\/06\/IMG_1413-510x287.jpg 510w\" sizes=\"(max-width: 711px) 100vw, 711px\" \/><\/p>\n","protected":false},"featured_media":979,"comment_status":"open","ping_status":"closed","template":"","meta":[],"product_brand":[],"product_cat":[15,176,203],"product_tag":[221,222,220,164],"yst_prominent_words":[],"class_list":{"0":"post-977","1":"product","2":"type-product","3":"status-publish","4":"has-post-thumbnail","6":"product_cat-benh","7":"product_cat-benh-sinh-ly","8":"product_cat-roi-loan-cuong-duong","9":"product_tag-roi-loan-cuong-duong","10":"product_tag-xuat-som","11":"product_tag-xuat-tinh-som","12":"product_tag-yeu-sinh-ly","14":"first","15":"instock","16":"sale","17":"shipping-taxable","18":"purchasable","19":"product-type-simple"},"_links":{"self":[{"href":"https:\/\/sinhlongduong.com\/index.php?rest_route=\/wp\/v2\/product\/977","targetHints":{"allow":["GET"]}}],"collection":[{"href":"https:\/\/sinhlongduong.com\/index.php?rest_route=\/wp\/v2\/product"}],"about":[{"href":"https:\/\/sinhlongduong.com\/index.php?rest_route=\/wp\/v2\/types\/product"}],"replies":[{"embeddable":true,"href":"https:\/\/sinhlongduong.com\/index.php?rest_route=%2Fwp%2Fv2%2Fcomments&post=977"}],"wp:featuredmedia":[{"embeddable":true,"href":"https:\/\/sinhlongduong.com\/index.php?rest_route=\/wp\/v2\/media\/979"}],"wp:attachment":[{"href":"https:\/\/sinhlongduong.com\/index.php?rest_route=%2Fwp%2Fv2%2Fmedia&parent=977"}],"wp:term":[{"taxonomy":"product_brand","embeddable":true,"href":"https:\/\/sinhlongduong.com\/index.php?rest_route=%2Fwp%2Fv2%2Fproduct_brand&post=977"},{"taxonomy":"product_cat","embeddable":true,"href":"https:\/\/sinhlongduong.com\/index.php?rest_route=%2Fwp%2Fv2%2Fproduct_cat&post=977"},{"taxonomy":"product_tag","embeddable":true,"href":"https:\/\/sinhlongduong.com\/index.php?rest_route=%2Fwp%2Fv2%2Fproduct_tag&post=977"},{"taxonomy":"yst_prominent_words","embeddable":true,"href":"https:\/\/sinhlongduong.com\/index.php?rest_route=%2Fwp%2Fv2%2Fyst_prominent_words&post=977"}],"curies":[{"name":"wp","href":"https:\/\/api.w.org\/{rel}","templated":true}]}}