{"id":984,"date":"2022-06-12T14:59:05","date_gmt":"2022-06-12T14:59:05","guid":{"rendered":"https:\/\/sinhlongduong.com\/?post_type=product&#038;p=984"},"modified":"2025-01-09T08:46:13","modified_gmt":"2025-01-09T01:46:13","slug":"thuoc-nam-chua-thoat-vi-dia-dem-thoai-hoa-cot-song-2","status":"publish","type":"product","link":"https:\/\/sinhlongduong.com\/?product=thuoc-nam-chua-thoat-vi-dia-dem-thoai-hoa-cot-song-2","title":{"rendered":"Thu\u1ed1c Nam Ch\u1eefa Tho\u00e1t Vi \u0110\u0129a \u0110\u1ec7m &#8211; Tho\u00e1i H\u00f3a C\u1ed9t S\u1ed1ng"},"content":{"rendered":"<p><strong>Tho\u00e1t v\u1ecb \u0111\u0129a \u0111\u1ec7m<\/strong>\u00a0l\u00e0 m\u1ed9t thu\u1eadt ng\u1eef ch\u1ec9 t\u00ecnh tr\u1ea1ng x\u1ea3y ra khi nh\u00e2n nh\u1ea7y c\u1ee7a \u0111\u0129a \u0111\u1ec7m c\u1ed9t s\u1ed1ng ch\u1ec7ch ra kh\u1ecfi v\u1ecb tr\u00ed b\u00ecnh th\u01b0\u1eddng,xuy\u00ean qua d\u00e2y ch\u1eb1ng ch\u00e8n \u00e9p v\u00e0o c\u00e1c r\u1ec5 th\u1ea7n kinh g\u00e2y t\u00ea b\u00ec, \u0111au nh\u1ee9c. T\u00ecnh tr\u1ea1ng n\u00e0y th\u01b0\u1eddng l\u00e0 k\u1ebft qu\u1ea3 c\u1ee7a sang ch\u1ea5n ho\u1eb7c do \u0111\u0129a \u0111\u1ec7m b\u1ecb tho\u00e1i h\u00f3a, n\u1ee9t, r\u00e1ch, c\u00f3 th\u1ec3 x\u1ea3y ra \u1edf b\u1ea5t k\u00ec khu v\u1ef1c n\u00e0o c\u1ee7a c\u1ed9t s\u1ed1ng. Tr\u00ean th\u1ef1c t\u1ebf, th\u01b0\u1eddng hay g\u1eb7p hi\u1ec7n t\u01b0\u1ee3ng \u0111au lan t\u1ecfa t\u1eeb th\u1eaft l\u01b0ng xu\u1ed1ng ch\u00e2n (\u0111au d\u00e2y th\u1ea7n kinh t\u1ecda) do tho\u00e1t v\u1ecb \u0111\u0129a \u0111\u1ec7m \u1edf c\u1ed9t s\u1ed1ng th\u1eaft l\u01b0ng l\u00e0 ph\u1ed5 bi\u1ebfn nh\u1ea5t.<\/p>\n<h2 id=\"disease-symptoms_free\" class=\"header collapse-trigger\">Tri\u1ec7u ch\u1ee9ng b\u1ec7nh Tho\u00e1t v\u1ecb \u0111\u0129a \u0111\u1ec7m<\/h2>\n<div class=\"body collapsible-target\">\n<p>M\u1ed9t s\u1ed1 tri\u1ec7u ch\u1ee9ng\u00a0<strong>tho\u00e1t v\u1ecb \u0111\u0129a \u0111\u1ec7m<\/strong>\u00a0\u0111i\u1ec3n h\u00ecnh bao g\u1ed3m:<\/p>\n<ul>\n<li>\u0110au nh\u1ee9c tay ho\u1eb7c ch\u00e2n: B\u1ec7nh nh\u00e2n c\u00f3 nh\u1eefng c\u01a1n \u0111au \u0111\u1ed9t ng\u1ed9t \u1edf v\u00f9ng c\u1ed5, th\u1eaft l\u01b0ng, vai g\u00e1y, c\u1ed5 v\u00e0 ch\u00e2n tay khi m\u1eafc b\u1ec7nh, sau \u0111\u00f3 lan ra v\u00f9ng vai g\u00e1y, ch\u00e2n tay. T\u00ednh ch\u1ea5t \u0111au c\u00f3 th\u1ec3 \u00e2m \u1ec9 v\u00e0i ng\u00e0y, v\u00e0i tu\u1ea7n ho\u1eb7c v\u00e0i th\u00e1ng ho\u1eb7c r\u1ea5t d\u1eef d\u1ed9i, \u0111au n\u1eb7ng h\u01a1n khi v\u1eadn \u0111\u1ed9ng, \u0111i l\u1ea1i, gi\u1ea3m \u0111i khi ngh\u1ec9 m\u1ed9t ch\u1ed7.<\/li>\n<li>Tri\u1ec7u ch\u1ee9ng t\u00ea b\u00ec tay ch\u00e2n: nh\u00e2n nh\u1ea7y c\u1ee7a \u0111\u0129a \u0111\u1ec7m tho\u00e1t ra ngo\u00e0i s\u1ebd ch\u00e8n \u00e9p r\u1ec5 th\u1ea7n kinh g\u00e2y \u0111au nh\u1ee9c, t\u00ea b\u00ec v\u00f9ng th\u1eaft l\u01b0ng, v\u00f9ng c\u1ed5 sau \u0111\u00f3 d\u1ea7n d\u1ea7n ph\u00e1t tri\u1ec3n xu\u1ed1ng m\u00f4ng, \u0111\u00f9i, b\u1eb9n ch\u00e2n v\u00e0 g\u00f3t ch\u00e2n. L\u00fac n\u00e0y ng\u01b0\u1eddi b\u1ec7nh s\u1ebd b\u1ecb r\u1ed1i lo\u1ea1n c\u1ea3m gi\u00e1c, lu\u00f4n th\u1ea5y m\u00ecnh nh\u01b0 b\u1ecb ki\u1ebfn b\u00f2 trong ng\u01b0\u1eddi,\u2026<\/li>\n<li>Y\u1ebfu c\u01a1, b\u1ea1i li\u1ec7t: xu\u1ea5t hi\u1ec7n khi b\u1ec7nh \u1edf giai \u0111o\u1ea1n n\u1eb7ng, th\u01b0\u1eddng sau m\u1ed9t th\u1eddi gian d\u00e0i m\u1edbi ph\u00e1t hi\u1ec7n \u0111\u01b0\u1ee3c. Giai \u0111o\u1ea1n n\u00e0y ng\u01b0\u1eddi b\u1ec7nh kh\u00f3 c\u00f3 th\u1ec3 \u0111i l\u1ea1i v\u1eadn \u0111\u1ed9ng, d\u1ea7n d\u1ea7n d\u1eabn t\u1edbi teo hai ch\u00e2n, teo c\u01a1, li\u1ec7t c\u00e1c chi ph\u1ea3i ng\u1ed3i xe l\u0103n<\/li>\n<\/ul>\n<p>C\u0169ng c\u00f3 nh\u1eefng tr\u01b0\u1eddng h\u1ee3p b\u1ec7nh nh\u00e2n tho\u00e1t v\u1ecb \u0111\u0129a \u0111\u1ec7m tuy nhi\u00ean kh\u00f4ng c\u00f3 tri\u1ec7u ch\u1ee9ng g\u00ec<\/p>\n<p>B\u1ec7nh nh\u00e2n c\u1ea7n t\u1edbi b\u1ec7nh vi\u1ec7n v\u00e0 tham kh\u1ea3o \u00fd ki\u1ebfn b\u00e1c s\u0129 ngay khi c\u00f3 nh\u1eefng bi\u1ec3u hi\u1ec7n sau:<\/p>\n<ul>\n<li>\u0110au, t\u00ea b\u00ec, y\u1ebfu c\u01a1 ng\u00e0y c\u00e0ng n\u1eb7ng, \u1ea3nh h\u01b0\u1edbng nhi\u1ec1u \u0111\u1ebfn sinh ho\u1ea1t th\u01b0\u1eddng nh\u1eadt<\/li>\n<li>T\u00ecnh tr\u1ea1ng s\u00f3n ti\u1ec3u ho\u1eb7c b\u00ed ti\u1ec3u<\/li>\n<li>T\u00ecnh tr\u1ea1ng m\u1ea5t c\u1ea3m gi\u00e1c t\u1ea1i c\u00e1c v\u00f9ng g\u1ecdi l\u00e0 \u201cy\u00ean ng\u1ef1a\u201d tr\u00ean c\u01a1 th\u1ec3 nh\u01b0 b\u1eafp \u0111\u00f9i trong, ph\u00eda sau ch\u00e2n, v\u00f9ng quanh h\u1eadu m\u00f4n<\/li>\n<\/ul>\n<p><strong>Tho\u00e1t v\u1ecb \u0111\u0129a \u0111\u1ec7m<\/strong>\u00a0n\u1ebfu kh\u00f4ng \u0111\u01b0\u1ee3c \u0111i\u1ec1u tr\u1ecb s\u1edbm s\u1ebd \u0111\u1ec3 l\u1ea1i nh\u1eefng bi\u1ebfn ch\u1ee9ng n\u1eb7ng n\u1ec1:<\/p>\n<ul>\n<li>Khi nh\u00e2n nh\u1ea7y chui v\u00e0o trong \u1ed1ng s\u1ed1ng, ch\u00e8n \u00e9p r\u1ec5 th\u1ea7n kinh, l\u00e0m h\u1eb9p khoang s\u1ed1ng s\u1ebd khi\u1ebfn b\u1ec7nh nh\u00e2n c\u00f3 nguy c\u01a1 b\u1ecb li\u1ec7t n\u1eeda ng\u01b0\u1eddi ho\u1eb7c b\u1ea1i li\u1ec7t c\u1ea3 ng\u01b0\u1eddi.<\/li>\n<li>H\u1ed9i ch\u1ee9ng \u0111u\u00f4i ng\u1ef1a: r\u1ec5 th\u1ea7n kinh v\u00f9ng th\u1eaft l\u01b0ng b\u1ecb ch\u00e8n \u00e9p, khi\u1ebfn vi\u1ec7c \u0111i \u0111\u1ea1i ti\u1ec7n kh\u00f4ng ki\u1ec3m so\u00e1t.<\/li>\n<li>Kh\u00f4ng v\u1eadn \u0111\u1ed9ng l\u00e2u ng\u00e0y s\u1ebd khi\u1ebfn c\u01a1 tr\u1edf n\u00ean suy y\u1ebfu, b\u1ecb teo, c\u00e1c chi teo nhanh ch\u00f3ng, ch\u00e2n tay b\u00e9 l\u1ea1i, kh\u1ea3 n\u0103ng \u0111i l\u1ea1i, v\u1eadn \u0111\u1ed9ng gi\u1ea3m s\u00fat.<\/li>\n<li>R\u1ed1i lo\u1ea1n c\u01a1 v\u00f2ng: Khi r\u1ec5 th\u1ea7n kinh b\u1ecb t\u1ed5n th\u01b0\u01a1ng c\u00f3 th\u1ec3 g\u00e2y \u1ea3nh h\u01b0\u1edfng \u0111\u1ebfn c\u01a1 v\u00f2ng \u0111\u01b0\u1eddng ti\u1ec3u: b\u00ed ti\u1ec3u, sau \u0111\u00f3 l\u1ea1i \u0111\u00e1i d\u1ea7m d\u1ec1, n\u01b0\u1edbc ti\u1ec3u ch\u1ea3y r\u1ec9 ra m\u1ed9t c\u00e1ch th\u1ee5 \u0111\u1ed9ng<\/li>\n<\/ul>\n<\/div>\n","protected":false},"excerpt":{"rendered":"<p><img fetchpriority=\"high\" decoding=\"async\" class=\"alignnone size-full wp-image-985\" src=\"https:\/\/sinhlongduong.com\/wp-content\/uploads\/2022\/06\/thuoc-chua-xuong-khop-400x300-1.jpg\" alt=\"\" width=\"400\" height=\"300\" \/><\/p>\n","protected":false},"featured_media":985,"comment_status":"open","ping_status":"closed","template":"","meta":[],"product_brand":[],"product_cat":[15,205,84,82,81,80,79],"product_tag":[231,228,229,230],"yst_prominent_words":[],"class_list":{"0":"post-984","1":"product","2":"type-product","3":"status-publish","4":"has-post-thumbnail","6":"product_cat-benh","7":"product_cat-benh-ly-xuong-khop-khac","8":"product_cat-gay-xuong","9":"product_cat-thoai-hoa-cot-song","10":"product_cat-thoai-hoa-khop","11":"product_cat-thoat-vi-dia-dem","12":"product_cat-xuong-khop","13":"product_tag-thuoc-dan-toc-chua-xuong-khop","14":"product_tag-thuoc-nam","15":"product_tag-thuoc-nam-chua-xuong-khop","16":"product_tag-thuoc-xuong-khop","18":"first","19":"instock","20":"sale","21":"shipping-taxable","22":"purchasable","23":"product-type-simple"},"_links":{"self":[{"href":"https:\/\/sinhlongduong.com\/index.php?rest_route=\/wp\/v2\/product\/984","targetHints":{"allow":["GET"]}}],"collection":[{"href":"https:\/\/sinhlongduong.com\/index.php?rest_route=\/wp\/v2\/product"}],"about":[{"href":"https:\/\/sinhlongduong.com\/index.php?rest_route=\/wp\/v2\/types\/product"}],"replies":[{"embeddable":true,"href":"https:\/\/sinhlongduong.com\/index.php?rest_route=%2Fwp%2Fv2%2Fcomments&post=984"}],"wp:featuredmedia":[{"embeddable":true,"href":"https:\/\/sinhlongduong.com\/index.php?rest_route=\/wp\/v2\/media\/985"}],"wp:attachment":[{"href":"https:\/\/sinhlongduong.com\/index.php?rest_route=%2Fwp%2Fv2%2Fmedia&parent=984"}],"wp:term":[{"taxonomy":"product_brand","embeddable":true,"href":"https:\/\/sinhlongduong.com\/index.php?rest_route=%2Fwp%2Fv2%2Fproduct_brand&post=984"},{"taxonomy":"product_cat","embeddable":true,"href":"https:\/\/sinhlongduong.com\/index.php?rest_route=%2Fwp%2Fv2%2Fproduct_cat&post=984"},{"taxonomy":"product_tag","embeddable":true,"href":"https:\/\/sinhlongduong.com\/index.php?rest_route=%2Fwp%2Fv2%2Fproduct_tag&post=984"},{"taxonomy":"yst_prominent_words","embeddable":true,"href":"https:\/\/sinhlongduong.com\/index.php?rest_route=%2Fwp%2Fv2%2Fyst_prominent_words&post=984"}],"curies":[{"name":"wp","href":"https:\/\/api.w.org\/{rel}","templated":true}]}}