{"id":986,"date":"2022-06-13T07:23:01","date_gmt":"2022-06-13T07:23:01","guid":{"rendered":"https:\/\/sinhlongduong.com\/?post_type=product&#038;p=986"},"modified":"2025-01-09T08:46:26","modified_gmt":"2025-01-09T01:46:26","slug":"sinh-tien-liet-bai-thuoc-nam-chua-viem-tuyen-tien-liet-2","status":"publish","type":"product","link":"https:\/\/sinhlongduong.com\/?product=sinh-tien-liet-bai-thuoc-nam-chua-viem-tuyen-tien-liet-2","title":{"rendered":"Sinh Ti\u1ec1n Li\u1ec7t b\u00e0i thu\u1ed1c nam ch\u1eefa vi\u00eam tuy\u1ebfn ti\u1ec1n li\u1ec7t"},"content":{"rendered":"<p style=\"text-align: justify;\"><em><strong><span style=\"font-size: 12pt;\">Vi\u00eam tuy\u1ebfn ti\u1ec1n li\u1ec7t n\u1ebfu kh\u00f4ng \u0111\u01b0\u1ee3c \u0111i\u1ec1u tr\u1ecb s\u1edbm c\u00f3 th\u1ec3 g\u00e2y ra nh\u1eefng bi\u1ebfn ch\u1ee9ng nguy hi\u1ec3m (xem chi ti\u1ebft t\u1ea1i &#8220;<a href=\"http:\/\/localhost\/webcusinhlongduong\/viem-tuyen-tien-liet\/\">c\u1ea9m nang vi\u00eam tuy\u1ebfn ti\u1ec1n li\u1ec7t<\/a>&#8220;). \u0110\u00f4ng y Sinh Long \u0110\u01b0\u1eddng xin gi\u1edbi thi\u1ec7u b\u00e0i thu\u1ed1c nam \u0111\u1eb7c tr\u1ecb vi\u00eam tuy\u1ebfn ti\u1ec1n li\u1ec7t v\u1edbi ngu\u1ed3n g\u1ed1c th\u1ea3o d\u01b0\u1ee3c 100% ho\u00e0n to\u00e0n t\u1ef1 nhi\u00ean, l\u00e0nh t\u00ednh, kh\u00f4ng t\u00e1c d\u1ee5ng ph\u1ee5.<\/span><\/strong><\/em><\/p>\n<p style=\"text-align: justify;\"><span style=\"color: #993300; font-size: 12pt;\"><strong>TH\u00c0NH PH\u1ea6N<\/strong><\/span><\/p>\n<p style=\"text-align: justify;\"><span style=\"font-weight: 400; font-size: 12pt;\">C\u00e2y d\u1ecdc, c\u00e2y m\u00eda b\u1ee5t, r\u00e0nh r\u00e0nh, v\u1eadt qu\u1ef7, b\u00e1ch b\u1ec7nh, m\u1ed9c th\u00f4ng, tr\u1ea1ch t\u1ea3, \u00edch tr\u00ed nh\u00e2n, v\u01b0\u01a1ng b\u1ea5t l\u01b0u h\u00e0nh, tri m\u1eabu, ph\u1ee5c linh, ho\u00e0ng b\u00e1, \u0111\u1eb7c bi\u1ec7t l\u00e0 m\u1ed9t v\u00e0i d\u01b0\u1ee3c li\u1ec7u qu\u00fd.<\/span><\/p>\n<p style=\"text-align: justify;\"><span style=\"font-weight: 400; font-size: 12pt;\"><span style=\"color: #993300;\"><strong>C\u00d4NG D\u1ee4NG<\/strong><\/span><\/span><\/p>\n<p style=\"text-align: justify;\"><span style=\"font-weight: 400; font-size: 12pt;\">Thu\u1ed1c tr\u1ecb vi\u00eam tuy\u1ebfn ti\u1ec1n li\u1ec7t s\u1eed d\u1ee5ng c\u00e1c th\u1ea3o d\u01b0\u1ee3c qu\u00fd gi\u00fap tri\u1ec7t ti\u00eau c\u00e1c th\u1ec3 vi\u00eam nhi\u1ec5m, t\u00e1i t\u1ea1o l\u1ea1i ch\u1ee9c n\u0103ng ti\u1ec1n li\u1ec7t tuy\u1ebfn, ch\u1eefa ch\u1ee9ng kh\u00f3 ti\u1ec3u, ti\u1ec3u nhi\u1ec1u l\u1ea7n, ti\u1ec3u kh\u00f4ng h\u1ebft. Ngo\u00e0i ra thu\u1ed1c c\u00f2n c\u00f3 c\u00f4ng d\u1ee5ng b\u1ed3i b\u1ed5 can th\u1eadn, c\u1ea3i thi\u1ec7n ham mu\u1ed1n, sinh l\u00fd, gi\u00fap t\u0103ng th\u1eddi gian quan h\u1ec7.<\/span><\/p>\n<p style=\"text-align: justify;\"><span style=\"font-weight: 400; font-size: 12pt;\"><span style=\"color: #993300;\"><strong>\u0110\u1ed0I T\u01af\u1ee2NG S\u1eec D\u1ee4NG<\/strong><\/span><\/span><\/p>\n<p style=\"text-align: justify;\"><span style=\"font-weight: 400; font-size: 12pt;\">Thu\u1ed1c \u0111\u1eb7c tr\u1ecb cho b\u1ec7nh nh\u00e2n \u0111\u01b0\u1ee3c ch\u1ea9n \u0111o\u00e1n vi\u00eam tuy\u1ebfn ti\u1ec1n li\u1ec7t m\u00e3n t\u00ednh, c\u1ea5p t\u00ednh b\u1edfi c\u00e1c b\u00e1c s\u0129 \u0110\u00f4ng Y Sinh Long \u0110\u01b0\u1eddng.<\/span><\/p>\n<p style=\"text-align: justify;\"><span style=\"color: #993300;\"><strong><span style=\"font-size: 12pt;\">H\u01af\u1edaNG D\u1eaaN S\u1eec D\u1ee4NG<\/span><\/strong><\/span><\/p>\n<p style=\"text-align: justify;\"><span style=\"font-weight: 400; font-size: 12pt;\">M\u1ed9t thang thu\u1ed1c chia l\u00e0m 3 ng\u00e0y, s\u1eafc 1\/3 thang cho m\u1ed9t ng\u00e0y v\u1edbi 1 l\u00edt n\u01b0\u1edbc \u0111un s\u00f4i trong 15 ph\u00fat r\u1ed3i ch\u1eaft ra ti\u1ebfp t\u1ee5c th\u00eam 1 l\u00edt n\u01b0\u1edbc \u0111un s\u00f4i trong 20 ph\u00fat r\u1ed3i ch\u1eaft ra. H\u00f2a thu\u1ed1c c\u1ee7a 2 l\u1ea7n l\u00e0m m\u1ed9t v\u00e0 u\u1ed1ng cho c\u1ea3 ng\u00e0y. B\u00e3 thu\u1ed1c d\u00f9ng \u0111\u1ec3 ng\u00e2m, b\u00e1c s\u0129 s\u1ebd h\u01b0\u1edbng d\u1eabn c\u1ee5 th\u1ec3 v\u1edbi t\u1eebng tr\u01b0\u1eddng h\u1ee3p ng\u01b0\u1eddi b\u1ec7nh.<\/span><\/p>\n<p style=\"text-align: justify;\"><span style=\"color: #993300;\"><strong><span style=\"font-size: 12pt;\">TH\u00d4NG TIN KH\u00c1C<\/span><\/strong><\/span><\/p>\n<p style=\"text-align: justify;\"><span style=\"font-size: 12pt;\"><span style=\"font-weight: 400;\">V\u1edbi b\u00e0i <\/span><strong>thu\u1ed1c &#8220;Sinh Ti\u1ec1n Li\u1ec7t&#8221; ch\u1eefa vi\u00eam tuy\u1ebfn ti\u1ec1n li\u1ec7t <\/strong><span style=\"font-weight: 400;\">b\u1eb1ng thu\u1ed1c nam c\u1ee7a <a href=\"http:\/\/localhost\/webcusinhlongduong\/\">\u0110\u00f4ng y Sinh Long \u0110\u01b0\u1eddng<\/a> r\u1ea5t nhi\u1ec1u b\u1ec7nh nh\u00e2n \u0111\u00e3 mau ch\u00f3ng kh\u1ecfi b\u1ec7nh v\u00e0 c\u1ea3i thi\u1ec7n \u0111\u01b0\u1ee3c c\u00e1c v\u1ea5n \u0111\u1ec1 ti\u1ec3u kh\u00f3, ti\u1ec3u \u0111\u00eam, sinh l\u00fd k\u00e9m, gi\u00fap l\u1ea5y l\u1ea1i cu\u1ed9c s\u1ed1ng, s\u1ef1 t\u1ef1 tin.<\/span><\/span><\/p>\n","protected":false},"excerpt":{"rendered":"<p><img fetchpriority=\"high\" decoding=\"async\" class=\"alignnone size-full wp-image-641\" src=\"https:\/\/sinhlongduong.com\/wp-content\/uploads\/2022\/06\/chua-viem-tuyen-tien-liet-bang-thuoc-nam-1.jpg\" alt=\"\" width=\"600\" height=\"400\" srcset=\"https:\/\/sinhlongduong.com\/wp-content\/uploads\/2022\/06\/chua-viem-tuyen-tien-liet-bang-thuoc-nam-1.jpg 600w, https:\/\/sinhlongduong.com\/wp-content\/uploads\/2022\/06\/chua-viem-tuyen-tien-liet-bang-thuoc-nam-1-510x340.jpg 510w\" sizes=\"(max-width: 600px) 100vw, 600px\" \/><\/p>\n","protected":false},"featured_media":641,"comment_status":"open","ping_status":"closed","template":"","meta":[],"product_brand":[],"product_cat":[15,91,92],"product_tag":[233,234,235,232],"yst_prominent_words":[],"class_list":{"0":"post-986","1":"product","2":"type-product","3":"status-publish","4":"has-post-thumbnail","6":"product_cat-benh","7":"product_cat-tuyen-tien-liet","8":"product_cat-viem-tuyen-tien-liet","9":"product_tag-thuoc-chua-viem-tuyen-tien-liet","10":"product_tag-thuoc-nam-chua-viem-tuyen-tien-liet","11":"product_tag-viem-tien-liet-tuyen","12":"product_tag-viem-tuyen-tien-liet","14":"first","15":"instock","16":"sale","17":"shipping-taxable","18":"purchasable","19":"product-type-simple"},"_links":{"self":[{"href":"https:\/\/sinhlongduong.com\/index.php?rest_route=\/wp\/v2\/product\/986","targetHints":{"allow":["GET"]}}],"collection":[{"href":"https:\/\/sinhlongduong.com\/index.php?rest_route=\/wp\/v2\/product"}],"about":[{"href":"https:\/\/sinhlongduong.com\/index.php?rest_route=\/wp\/v2\/types\/product"}],"replies":[{"embeddable":true,"href":"https:\/\/sinhlongduong.com\/index.php?rest_route=%2Fwp%2Fv2%2Fcomments&post=986"}],"wp:featuredmedia":[{"embeddable":true,"href":"https:\/\/sinhlongduong.com\/index.php?rest_route=\/wp\/v2\/media\/641"}],"wp:attachment":[{"href":"https:\/\/sinhlongduong.com\/index.php?rest_route=%2Fwp%2Fv2%2Fmedia&parent=986"}],"wp:term":[{"taxonomy":"product_brand","embeddable":true,"href":"https:\/\/sinhlongduong.com\/index.php?rest_route=%2Fwp%2Fv2%2Fproduct_brand&post=986"},{"taxonomy":"product_cat","embeddable":true,"href":"https:\/\/sinhlongduong.com\/index.php?rest_route=%2Fwp%2Fv2%2Fproduct_cat&post=986"},{"taxonomy":"product_tag","embeddable":true,"href":"https:\/\/sinhlongduong.com\/index.php?rest_route=%2Fwp%2Fv2%2Fproduct_tag&post=986"},{"taxonomy":"yst_prominent_words","embeddable":true,"href":"https:\/\/sinhlongduong.com\/index.php?rest_route=%2Fwp%2Fv2%2Fyst_prominent_words&post=986"}],"curies":[{"name":"wp","href":"https:\/\/api.w.org\/{rel}","templated":true}]}}